{"id":11318,"date":"2024-04-15T20:48:24","date_gmt":"2024-04-15T18:48:24","guid":{"rendered":"https:\/\/www.vieuxsafrans.com\/new\/?page_id=11318"},"modified":"2024-04-15T20:56:50","modified_gmt":"2024-04-15T18:56:50","slug":"petites-annonces","status":"publish","type":"page","link":"https:\/\/www.vieuxsafrans.com\/new\/assos-info\/petites-annonces\/","title":{"rendered":"Petites annonces"},"content":{"rendered":"<p>[et_pb_section fb_built=\u00a0\u00bb1&Prime; custom_padding_last_edited=\u00a0\u00bbon|desktop\u00a0\u00bb admin_label=\u00a0\u00bbHeader\u00a0\u00bb _builder_version=\u00a0\u00bb4.24.0&Prime; _module_preset=\u00a0\u00bbdefault\u00a0\u00bb background_image=\u00a0\u00bbhttp:\/\/www.vieuxsafrans.com\/new\/wp-content\/uploads\/2024\/04\/1712765790119-scaled.jpg\u00a0\u00bb custom_padding=\u00a0\u00bb75px||0px||false|false\u00a0\u00bb custom_padding_tablet=\u00a0\u00bb\u00a0\u00bb custom_padding_phone=\u00a0\u00bb0px||||false|false\u00a0\u00bb locked=\u00a0\u00bboff\u00a0\u00bb global_colors_info=\u00a0\u00bb{}\u00a0\u00bb][et_pb_row column_structure=\u00a0\u00bb1_2,1_2&Prime; use_custom_gutter=\u00a0\u00bbon\u00a0\u00bb gutter_width=\u00a0\u00bb1&Prime; make_equal=\u00a0\u00bbon\u00a0\u00bb _builder_version=\u00a0\u00bb4.24.0&Prime; _module_preset=\u00a0\u00bbdefault\u00a0\u00bb custom_padding=\u00a0\u00bb||||false|false\u00a0\u00bb global_colors_info=\u00a0\u00bb{}\u00a0\u00bb][et_pb_column type=\u00a0\u00bb1_2&Prime; _builder_version=\u00a0\u00bb4.24.0&Prime; _module_preset=\u00a0\u00bbdefault\u00a0\u00bb background_color=\u00a0\u00bbrgba(44,45,138,0.95)\u00a0\u00bb custom_padding=\u00a0\u00bb100px|40px|100px|40px|true|true\u00a0\u00bb custom_padding_tablet=\u00a0\u00bb40px|40px|40px|40px|true|true\u00a0\u00bb custom_padding_phone=\u00a0\u00bb|40px||40px|true|true\u00a0\u00bb custom_padding_last_edited=\u00a0\u00bbon|desktop\u00a0\u00bb global_colors_info=\u00a0\u00bb{}\u00a0\u00bb][et_pb_text _builder_version=\u00a0\u00bb4.24.0&Prime; _module_preset=\u00a0\u00bbdefault\u00a0\u00bb text_font=\u00a0\u00bbTrirong|||on|||||\u00a0\u00bb text_letter_spacing=\u00a0\u00bb4px\u00a0\u00bb text_line_height=\u00a0\u00bb1.8em\u00a0\u00bb link_text_color=\u00a0\u00bb#FFFFFF\u00a0\u00bb header_2_font=\u00a0\u00bbTrirong|300|||||||\u00a0\u00bb header_2_font_size=\u00a0\u00bb55px\u00a0\u00bb header_2_line_height=\u00a0\u00bb1.1em\u00a0\u00bb text_orientation=\u00a0\u00bbcenter\u00a0\u00bb background_layout=\u00a0\u00bbdark\u00a0\u00bb custom_margin=\u00a0\u00bb||10px||false|false\u00a0\u00bb text_font_size_tablet=\u00a0\u00bb\u00a0\u00bb text_font_size_phone=\u00a0\u00bb12px\u00a0\u00bb text_font_size_last_edited=\u00a0\u00bbon|desktop\u00a0\u00bb header_2_font_size_tablet=\u00a0\u00bb30px\u00a0\u00bb header_2_font_size_phone=\u00a0\u00bb18px\u00a0\u00bb header_2_font_size_last_edited=\u00a0\u00bbon|phone\u00a0\u00bb header_2_line_height_tablet=\u00a0\u00bb1.3em\u00a0\u00bb header_2_line_height_phone=\u00a0\u00bb1.4em\u00a0\u00bb header_2_line_height_last_edited=\u00a0\u00bbon|phone\u00a0\u00bb locked=\u00a0\u00bboff\u00a0\u00bb global_colors_info=\u00a0\u00bb{}\u00a0\u00bb]<\/p>\n<h2>Petites Annonces<\/h2>\n<p><a href=\"\/new\/assos-info\/\">Assos info<\/a>[\/et_pb_text][et_pb_divider color=\u00a0\u00bb#0045FF\u00a0\u00bb divider_weight=\u00a0\u00bb3px\u00a0\u00bb _builder_version=\u00a0\u00bb4.16&Prime; _module_preset=\u00a0\u00bbdefault\u00a0\u00bb width=\u00a0\u00bb120px\u00a0\u00bb module_alignment=\u00a0\u00bbcenter\u00a0\u00bb custom_padding=\u00a0\u00bb40px||40px||true|false\u00a0\u00bb global_colors_info=\u00a0\u00bb{}\u00a0\u00bb][\/et_pb_divider][et_pb_text _builder_version=\u00a0\u00bb4.24.0&Prime; _module_preset=\u00a0\u00bbdefault\u00a0\u00bb text_line_height=\u00a0\u00bb2.2em\u00a0\u00bb link_font=\u00a0\u00bb||||on||||\u00a0\u00bb link_text_color=\u00a0\u00bb#FFFFFF\u00a0\u00bb text_orientation=\u00a0\u00bbjustified\u00a0\u00bb background_layout=\u00a0\u00bbdark\u00a0\u00bb custom_margin=\u00a0\u00bb||30px||false|false\u00a0\u00bb text_font_size_tablet=\u00a0\u00bb14px\u00a0\u00bb text_font_size_phone=\u00a0\u00bb13px\u00a0\u00bb text_font_size_last_edited=\u00a0\u00bboff|desktop\u00a0\u00bb locked=\u00a0\u00bboff\u00a0\u00bb global_colors_info=\u00a0\u00bb{}\u00a0\u00bb]<\/p>\n<p>Explorez nos annonces de vente de bateaux.<\/p>\n<p>&nbsp;<\/p>\n<p>[\/et_pb_text][et_pb_button button_url=\u00a0\u00bb#next\u00a0\u00bb button_text=\u00a0\u00bbD\u00e9couvrir\u00a0\u00bb button_alignment=\u00a0\u00bbleft\u00a0\u00bb _builder_version=\u00a0\u00bb4.24.0&Prime; custom_button=\u00a0\u00bbon\u00a0\u00bb button_text_size=\u00a0\u00bb15px\u00a0\u00bb button_text_color=\u00a0\u00bb#ffffff\u00a0\u00bb button_bg_color=\u00a0\u00bbrgba(255,255,255,0)\u00a0\u00bb button_border_color=\u00a0\u00bb#ffffff\u00a0\u00bb button_border_radius=\u00a0\u00bb0px\u00a0\u00bb button_letter_spacing=\u00a0\u00bb2px\u00a0\u00bb button_font=\u00a0\u00bb|700||on|||||\u00a0\u00bb custom_margin=\u00a0\u00bb40px||||false\u00a0\u00bb custom_padding=\u00a0\u00bb14px|40px|14px|40px|true|true\u00a0\u00bb box_shadow_style=\u00a0\u00bbpreset7&Prime; box_shadow_horizontal=\u00a0\u00bb0px\u00a0\u00bb box_shadow_vertical=\u00a0\u00bb0px\u00a0\u00bb box_shadow_color=\u00a0\u00bb#ffffff\u00a0\u00bb locked=\u00a0\u00bboff\u00a0\u00bb global_colors_info=\u00a0\u00bb{}\u00a0\u00bb button_bg_color__hover_enabled=\u00a0\u00bbon\u00a0\u00bb box_shadow_vertical__hover=\u00a0\u00bb200px\u00a0\u00bb box_shadow_horizontal__hover_enabled=\u00a0\u00bbon\u00a0\u00bb box_shadow_horizontal__hover=\u00a0\u00bb350px\u00a0\u00bb button_text_color__hover_enabled=\u00a0\u00bbon|hover\u00a0\u00bb button_text_color__hover=\u00a0\u00bb#2C2D8A\u00a0\u00bb button_bg_color__hover=\u00a0\u00bbrgba(255,255,255,0)\u00a0\u00bb][\/et_pb_button][\/et_pb_column][et_pb_column type=\u00a0\u00bb1_2&Prime; _builder_version=\u00a0\u00bb4.16&Prime; _module_preset=\u00a0\u00bbdefault\u00a0\u00bb global_colors_info=\u00a0\u00bb{}\u00a0\u00bb][\/et_pb_column][\/et_pb_row][\/et_pb_section][et_pb_section fb_built=\u00a0\u00bb1&Prime; disabled_on=\u00a0\u00bboff|off|off\u00a0\u00bb module_id=\u00a0\u00bbnext\u00a0\u00bb _builder_version=\u00a0\u00bb4.24.0&Prime; background_color=\u00a0\u00bb#f4f4f4&Prime; background_enable_pattern_style=\u00a0\u00bbon\u00a0\u00bb background_pattern_style=\u00a0\u00bbwaves\u00a0\u00bb background_pattern_color=\u00a0\u00bbrgba(44,45,138,0.02)\u00a0\u00bb locked=\u00a0\u00bboff\u00a0\u00bb global_colors_info=\u00a0\u00bb{}\u00a0\u00bb][et_pb_row _builder_version=\u00a0\u00bb4.24.0&Prime; _module_preset=\u00a0\u00bbdefault\u00a0\u00bb global_colors_info=\u00a0\u00bb{}\u00a0\u00bb][et_pb_column type=\u00a0\u00bb4_4&Prime; _builder_version=\u00a0\u00bb4.24.0&Prime; _module_preset=\u00a0\u00bbdefault\u00a0\u00bb global_colors_info=\u00a0\u00bb{}\u00a0\u00bb][et_pb_text _builder_version=\u00a0\u00bb4.24.0&Prime; _module_preset=\u00a0\u00bb7d4a8cbc-5ddd-46c9-be95-23498c921cdd\u00a0\u00bb header_2_font=\u00a0\u00bb|700|||||||\u00a0\u00bb header_2_text_color=\u00a0\u00bb#000000&Prime; header_2_font_size=\u00a0\u00bb60px\u00a0\u00bb header_2_line_height=\u00a0\u00bb1.1em\u00a0\u00bb header_2_font_size_tablet=\u00a0\u00bb30px\u00a0\u00bb header_2_font_size_phone=\u00a0\u00bb18px\u00a0\u00bb header_2_font_size_last_edited=\u00a0\u00bbon|phone\u00a0\u00bb header_2_line_height_tablet=\u00a0\u00bb1.3em\u00a0\u00bb header_2_line_height_phone=\u00a0\u00bb1.4em\u00a0\u00bb header_2_line_height_last_edited=\u00a0\u00bbon|phone\u00a0\u00bb locked=\u00a0\u00bboff\u00a0\u00bb global_colors_info=\u00a0\u00bb{}\u00a0\u00bb]<\/p>\n<h2>Offres de bateaux \u00e0 vendre<\/h2>\n<p>[\/et_pb_text][\/et_pb_column][\/et_pb_row][et_pb_row column_structure=\u00a0\u00bb1_2,1_2&Prime; use_custom_gutter=\u00a0\u00bbon\u00a0\u00bb make_equal=\u00a0\u00bbon\u00a0\u00bb _builder_version=\u00a0\u00bb4.24.0&Prime; _module_preset=\u00a0\u00bbdefault\u00a0\u00bb global_colors_info=\u00a0\u00bb{}\u00a0\u00bb][et_pb_column type=\u00a0\u00bb1_2&Prime; _builder_version=\u00a0\u00bb4.24.0&Prime; _module_preset=\u00a0\u00bbdefault\u00a0\u00bb background_enable_color=\u00a0\u00bboff\u00a0\u00bb custom_padding=\u00a0\u00bb||||false|false\u00a0\u00bb global_colors_info=\u00a0\u00bb{}\u00a0\u00bb][et_pb_image src=\u00a0\u00bbhttp:\/\/www.vieuxsafrans.com\/new\/wp-content\/uploads\/2024\/04\/1712765790127-scaled.jpg\u00a0\u00bb title_text=\u00a0\u00bb1712765790127&Prime; url=\u00a0\u00bb#\u00a0\u00bb force_fullwidth=\u00a0\u00bbon\u00a0\u00bb _builder_version=\u00a0\u00bb4.24.0&Prime; _module_preset=\u00a0\u00bbdefault\u00a0\u00bb max_height=\u00a0\u00bb500px\u00a0\u00bb animation_style=\u00a0\u00bbslide\u00a0\u00bb animation_direction=\u00a0\u00bbleft\u00a0\u00bb border_color_all=\u00a0\u00bb#2C2D8A\u00a0\u00bb box_shadow_style=\u00a0\u00bbpreset4&Prime; box_shadow_color=\u00a0\u00bbrgba(82,104,115,0.8)\u00a0\u00bb locked=\u00a0\u00bboff\u00a0\u00bb global_colors_info=\u00a0\u00bb{}\u00a0\u00bb transform_styles__hover_enabled=\u00a0\u00bbon|desktop\u00a0\u00bb transform_scale__hover_enabled=\u00a0\u00bbon|desktop\u00a0\u00bb transform_translate__hover_enabled=\u00a0\u00bbon|desktop\u00a0\u00bb transform_rotate__hover_enabled=\u00a0\u00bbon|desktop\u00a0\u00bb transform_skew__hover_enabled=\u00a0\u00bbon|desktop\u00a0\u00bb transform_origin__hover_enabled=\u00a0\u00bbon|desktop\u00a0\u00bb transform_scale__hover=\u00a0\u00bb98%|98%\u00a0\u00bb][\/et_pb_image][\/et_pb_column][et_pb_column type=\u00a0\u00bb1_2&Prime; _builder_version=\u00a0\u00bb4.24.0&Prime; _module_preset=\u00a0\u00bbdefault\u00a0\u00bb global_colors_info=\u00a0\u00bb{}\u00a0\u00bb][et_pb_text _builder_version=\u00a0\u00bb4.24.0&Prime; _module_preset=\u00a0\u00bbdefault\u00a0\u00bb custom_margin=\u00a0\u00bb20px|||||\u00a0\u00bb global_colors_info=\u00a0\u00bb{}\u00a0\u00bb]<\/p>\n<h3><strong>\u00c0 vendre : <\/strong><strong>Corsaire ann\u00e9 1975, <\/strong><strong>N\u00b02767<\/strong><\/h3>\n<p>[\/et_pb_text][et_pb_text _builder_version=\u00a0\u00bb4.24.0&Prime; _module_preset=\u00a0\u00bbdefault\u00a0\u00bb global_colors_info=\u00a0\u00bb{}\u00a0\u00bb]<\/p>\n<ul>\n<li>Construit par le chantier CRAFF \u00e0 B\u00e9nodet.<\/li>\n<li>M\u00e2t et b\u00f4me m\u00e9tallique. ELVSTR\u00d4M<\/li>\n<li>6 voiles.<\/li>\n<li>Barre d&rsquo;\u00e9coute ZBKO.<\/li>\n<li>Remorque ATLAS, de mise \u00e0 l&rsquo;eau T8RF<\/li>\n<li>Moteur JHONSON, 4 CW, arbre long<\/li>\n<\/ul>\n<p>[\/et_pb_text][et_pb_text _builder_version=\u00a0\u00bb4.24.0&Prime; _module_preset=\u00a0\u00bbdefault\u00a0\u00bb header_font=\u00a0\u00bb|800||on|||||\u00a0\u00bb header_text_color=\u00a0\u00bb#2C2D8A\u00a0\u00bb custom_margin=\u00a0\u00bb||17px|||\u00a0\u00bb global_colors_info=\u00a0\u00bb{}\u00a0\u00bb]<\/p>\n<h1>Prix 5000\u20ac<\/h1>\n<p>[\/et_pb_text][et_pb_text _builder_version=\u00a0\u00bb4.24.0&Prime; _module_preset=\u00a0\u00bbdefault\u00a0\u00bb global_colors_info=\u00a0\u00bb{}\u00a0\u00bb]<\/p>\n<p><strong>Contact :<\/strong> 06 42 83 90 30.<br \/><strong>Visible :<\/strong> Annecy le vieux<\/p>\n<p>[\/et_pb_text][\/et_pb_column][\/et_pb_row][et_pb_row _builder_version=\u00a0\u00bb4.24.0&Prime; _module_preset=\u00a0\u00bbdefault\u00a0\u00bb global_colors_info=\u00a0\u00bb{}\u00a0\u00bb][et_pb_column type=\u00a0\u00bb4_4&Prime; _builder_version=\u00a0\u00bb4.24.0&Prime; _module_preset=\u00a0\u00bbdefault\u00a0\u00bb global_colors_info=\u00a0\u00bb{}\u00a0\u00bb][et_pb_image src=\u00a0\u00bbhttp:\/\/www.vieuxsafrans.com\/new\/wp-content\/uploads\/2024\/04\/1712765790119-scaled.jpg\u00a0\u00bb title_text=\u00a0\u00bb1712765790119&Prime; _builder_version=\u00a0\u00bb4.24.0&Prime; _module_preset=\u00a0\u00bbdefault\u00a0\u00bb animation_style=\u00a0\u00bbslide\u00a0\u00bb animation_direction=\u00a0\u00bbbottom\u00a0\u00bb hover_enabled=\u00a0\u00bb0&Prime; border_color_all=\u00a0\u00bb#2C2D8A\u00a0\u00bb box_shadow_style=\u00a0\u00bbpreset4&Prime; box_shadow_color=\u00a0\u00bbrgba(82,104,115,0.8)\u00a0\u00bb global_colors_info=\u00a0\u00bb{}\u00a0\u00bb transform_styles__hover_enabled=\u00a0\u00bbon|desktop\u00a0\u00bb transform_scale__hover=\u00a0\u00bb98%|98%\u00a0\u00bb transform_scale__hover_enabled=\u00a0\u00bbon|desktop\u00a0\u00bb transform_translate__hover_enabled=\u00a0\u00bbon|desktop\u00a0\u00bb transform_rotate__hover_enabled=\u00a0\u00bbon|desktop\u00a0\u00bb transform_skew__hover_enabled=\u00a0\u00bbon|desktop\u00a0\u00bb transform_origin__hover_enabled=\u00a0\u00bbon|desktop\u00a0\u00bb sticky_enabled=\u00a0\u00bb0&Prime;][\/et_pb_image][\/et_pb_column][\/et_pb_row][\/et_pb_section]<\/p>\n","protected":false},"excerpt":{"rendered":"<p>Petites Annonces Assos infoExplorez nos annonces de vente de bateaux. &nbsp;Offres de bateaux \u00e0 vendre\u00c0 vendre : Corsaire ann\u00e9 1975, N\u00b02767 Construit par le chantier CRAFF \u00e0 B\u00e9nodet. M\u00e2t et b\u00f4me m\u00e9tallique. ELVSTR\u00d4M 6 voiles. Barre d&rsquo;\u00e9coute ZBKO. Remorque ATLAS, de mise \u00e0 l&rsquo;eau T8RF Moteur JHONSON, 4 CW, arbre long Prix 5000\u20acContact : 06 [&hellip;]<\/p>\n","protected":false},"author":1,"featured_media":0,"parent":11112,"menu_order":0,"comment_status":"closed","ping_status":"closed","template":"","meta":{"_et_pb_use_builder":"on","_et_pb_old_content":"","_et_gb_content_width":"","ngg_post_thumbnail":0,"footnotes":""},"class_list":["post-11318","page","type-page","status-publish","hentry"],"yoast_head":"<!-- This site is optimized with the Yoast SEO plugin v27.1.1 - https:\/\/yoast.com\/product\/yoast-seo-wordpress\/ -->\n<title>Petites annonces - Les Vieux Safrans d&#039;Annecy<\/title>\n<meta name=\"robots\" content=\"index, follow, max-snippet:-1, max-image-preview:large, max-video-preview:-1\" \/>\n<link rel=\"canonical\" href=\"https:\/\/www.vieuxsafrans.com\/new\/assos-info\/petites-annonces\/\" \/>\n<meta property=\"og:locale\" content=\"fr_FR\" \/>\n<meta property=\"og:type\" content=\"article\" \/>\n<meta property=\"og:title\" content=\"Petites annonces - Les Vieux Safrans d&#039;Annecy\" \/>\n<meta property=\"og:description\" content=\"Petites Annonces Assos infoExplorez nos annonces de vente de bateaux. &nbsp;Offres de bateaux \u00e0 vendre\u00c0 vendre : Corsaire ann\u00e9 1975, N\u00b02767 Construit par le chantier CRAFF \u00e0 B\u00e9nodet. M\u00e2t et b\u00f4me m\u00e9tallique. ELVSTR\u00d4M 6 voiles. Barre d&#039;\u00e9coute ZBKO. Remorque ATLAS, de mise \u00e0 l&#039;eau T8RF Moteur JHONSON, 4 CW, arbre long Prix 5000\u20acContact : 06 [&hellip;]\" \/>\n<meta property=\"og:url\" content=\"https:\/\/www.vieuxsafrans.com\/new\/assos-info\/petites-annonces\/\" \/>\n<meta property=\"og:site_name\" content=\"Les Vieux Safrans d&#039;Annecy\" \/>\n<meta property=\"article:modified_time\" content=\"2024-04-15T18:56:50+00:00\" \/>\n<meta name=\"twitter:card\" content=\"summary_large_image\" \/>\n<meta name=\"twitter:label1\" content=\"Dur\u00e9e de lecture estim\u00e9e\" \/>\n\t<meta name=\"twitter:data1\" content=\"5 minutes\" \/>\n<script type=\"application\/ld+json\" class=\"yoast-schema-graph\">{\"@context\":\"https:\/\/schema.org\",\"@graph\":[{\"@type\":\"WebPage\",\"@id\":\"https:\/\/www.vieuxsafrans.com\/new\/assos-info\/petites-annonces\/\",\"url\":\"https:\/\/www.vieuxsafrans.com\/new\/assos-info\/petites-annonces\/\",\"name\":\"Petites annonces - Les Vieux Safrans d&#039;Annecy\",\"isPartOf\":{\"@id\":\"https:\/\/www.vieuxsafrans.com\/new\/#website\"},\"datePublished\":\"2024-04-15T18:48:24+00:00\",\"dateModified\":\"2024-04-15T18:56:50+00:00\",\"breadcrumb\":{\"@id\":\"https:\/\/www.vieuxsafrans.com\/new\/assos-info\/petites-annonces\/#breadcrumb\"},\"inLanguage\":\"fr-FR\",\"potentialAction\":[{\"@type\":\"ReadAction\",\"target\":[\"https:\/\/www.vieuxsafrans.com\/new\/assos-info\/petites-annonces\/\"]}]},{\"@type\":\"BreadcrumbList\",\"@id\":\"https:\/\/www.vieuxsafrans.com\/new\/assos-info\/petites-annonces\/#breadcrumb\",\"itemListElement\":[{\"@type\":\"ListItem\",\"position\":1,\"name\":\"Accueil\",\"item\":\"https:\/\/www.vieuxsafrans.com\/new\/\"},{\"@type\":\"ListItem\",\"position\":2,\"name\":\"ASSOS INFO\",\"item\":\"https:\/\/www.vieuxsafrans.com\/new\/assos-info\/\"},{\"@type\":\"ListItem\",\"position\":3,\"name\":\"Petites annonces\"}]},{\"@type\":\"WebSite\",\"@id\":\"https:\/\/www.vieuxsafrans.com\/new\/#website\",\"url\":\"https:\/\/www.vieuxsafrans.com\/new\/\",\"name\":\"Les Vieux Safrans d&#039;Annecy\",\"description\":\"Vieux safrans, voiles classiques, voilier ancien, bateaux bois, restauration bateaux, voiliers classique, voiliers traditionnels, Lac d&#039;Annecy, Haute Savoie\",\"potentialAction\":[{\"@type\":\"SearchAction\",\"target\":{\"@type\":\"EntryPoint\",\"urlTemplate\":\"https:\/\/www.vieuxsafrans.com\/new\/?s={search_term_string}\"},\"query-input\":{\"@type\":\"PropertyValueSpecification\",\"valueRequired\":true,\"valueName\":\"search_term_string\"}}],\"inLanguage\":\"fr-FR\"}]}<\/script>\n<!-- \/ Yoast SEO plugin. -->","yoast_head_json":{"title":"Petites annonces - Les Vieux Safrans d&#039;Annecy","robots":{"index":"index","follow":"follow","max-snippet":"max-snippet:-1","max-image-preview":"max-image-preview:large","max-video-preview":"max-video-preview:-1"},"canonical":"https:\/\/www.vieuxsafrans.com\/new\/assos-info\/petites-annonces\/","og_locale":"fr_FR","og_type":"article","og_title":"Petites annonces - Les Vieux Safrans d&#039;Annecy","og_description":"Petites Annonces Assos infoExplorez nos annonces de vente de bateaux. &nbsp;Offres de bateaux \u00e0 vendre\u00c0 vendre : Corsaire ann\u00e9 1975, N\u00b02767 Construit par le chantier CRAFF \u00e0 B\u00e9nodet. M\u00e2t et b\u00f4me m\u00e9tallique. ELVSTR\u00d4M 6 voiles. Barre d'\u00e9coute ZBKO. Remorque ATLAS, de mise \u00e0 l'eau T8RF Moteur JHONSON, 4 CW, arbre long Prix 5000\u20acContact : 06 [&hellip;]","og_url":"https:\/\/www.vieuxsafrans.com\/new\/assos-info\/petites-annonces\/","og_site_name":"Les Vieux Safrans d&#039;Annecy","article_modified_time":"2024-04-15T18:56:50+00:00","twitter_card":"summary_large_image","twitter_misc":{"Dur\u00e9e de lecture estim\u00e9e":"5 minutes"},"schema":{"@context":"https:\/\/schema.org","@graph":[{"@type":"WebPage","@id":"https:\/\/www.vieuxsafrans.com\/new\/assos-info\/petites-annonces\/","url":"https:\/\/www.vieuxsafrans.com\/new\/assos-info\/petites-annonces\/","name":"Petites annonces - Les Vieux Safrans d&#039;Annecy","isPartOf":{"@id":"https:\/\/www.vieuxsafrans.com\/new\/#website"},"datePublished":"2024-04-15T18:48:24+00:00","dateModified":"2024-04-15T18:56:50+00:00","breadcrumb":{"@id":"https:\/\/www.vieuxsafrans.com\/new\/assos-info\/petites-annonces\/#breadcrumb"},"inLanguage":"fr-FR","potentialAction":[{"@type":"ReadAction","target":["https:\/\/www.vieuxsafrans.com\/new\/assos-info\/petites-annonces\/"]}]},{"@type":"BreadcrumbList","@id":"https:\/\/www.vieuxsafrans.com\/new\/assos-info\/petites-annonces\/#breadcrumb","itemListElement":[{"@type":"ListItem","position":1,"name":"Accueil","item":"https:\/\/www.vieuxsafrans.com\/new\/"},{"@type":"ListItem","position":2,"name":"ASSOS INFO","item":"https:\/\/www.vieuxsafrans.com\/new\/assos-info\/"},{"@type":"ListItem","position":3,"name":"Petites annonces"}]},{"@type":"WebSite","@id":"https:\/\/www.vieuxsafrans.com\/new\/#website","url":"https:\/\/www.vieuxsafrans.com\/new\/","name":"Les Vieux Safrans d&#039;Annecy","description":"Vieux safrans, voiles classiques, voilier ancien, bateaux bois, restauration bateaux, voiliers classique, voiliers traditionnels, Lac d&#039;Annecy, Haute Savoie","potentialAction":[{"@type":"SearchAction","target":{"@type":"EntryPoint","urlTemplate":"https:\/\/www.vieuxsafrans.com\/new\/?s={search_term_string}"},"query-input":{"@type":"PropertyValueSpecification","valueRequired":true,"valueName":"search_term_string"}}],"inLanguage":"fr-FR"}]}},"_links":{"self":[{"href":"https:\/\/www.vieuxsafrans.com\/new\/wp-json\/wp\/v2\/pages\/11318","targetHints":{"allow":["GET"]}}],"collection":[{"href":"https:\/\/www.vieuxsafrans.com\/new\/wp-json\/wp\/v2\/pages"}],"about":[{"href":"https:\/\/www.vieuxsafrans.com\/new\/wp-json\/wp\/v2\/types\/page"}],"author":[{"embeddable":true,"href":"https:\/\/www.vieuxsafrans.com\/new\/wp-json\/wp\/v2\/users\/1"}],"replies":[{"embeddable":true,"href":"https:\/\/www.vieuxsafrans.com\/new\/wp-json\/wp\/v2\/comments?post=11318"}],"version-history":[{"count":0,"href":"https:\/\/www.vieuxsafrans.com\/new\/wp-json\/wp\/v2\/pages\/11318\/revisions"}],"up":[{"embeddable":true,"href":"https:\/\/www.vieuxsafrans.com\/new\/wp-json\/wp\/v2\/pages\/11112"}],"wp:attachment":[{"href":"https:\/\/www.vieuxsafrans.com\/new\/wp-json\/wp\/v2\/media?parent=11318"}],"curies":[{"name":"wp","href":"https:\/\/api.w.org\/{rel}","templated":true}]}}