{"id":14,"date":"2010-03-16T10:56:26","date_gmt":"2010-03-16T10:56:26","guid":{"rendered":"http:\/\/vieuxsafrans.com\/?page_id=14"},"modified":"2022-02-28T01:40:40","modified_gmt":"2022-02-28T00:40:40","slug":"latelier","status":"publish","type":"page","link":"https:\/\/www.vieuxsafrans.com\/new\/latelier\/","title":{"rendered":"L&rsquo;atelier"},"content":{"rendered":"<p>Apr\u00e8s plusieurs ann\u00e9es pass\u00e9es \u00e0 Seynod, puis \u00e0 Rumilly, l&rsquo;atelier des Vieux Safrans a de nouveau d\u00e9m\u00e9nag\u00e9. C&rsquo;est non sans soucis qu&rsquo;au cours de l&rsquo;automne 2021, l&rsquo;atelier a pu int\u00e9grer ses nouveaux locaux sur la commune d&rsquo;Annecy au sein des anciennes forges de Cran Gevrier.<\/p>\n<p>Alors apr\u00e8s quelques inqui\u00e9tudes qui ont pr\u00e9c\u00e9d\u00e9es ce changement de locaux, toutes les conditions sont \u00e0 nouveaux r\u00e9unis pour que l&rsquo;atelier puisse oeuvrer sur les chantiers en cours et \u00e0 venir.<\/p>\n<div id=\"_mcePaste\"><strong>Nouvelle Adresse<\/strong> :<\/div>\n<p>Chemin des Greves<\/p>\n<p>74960 Cran Gevrier<\/p>\n<div id=\"titre_galerie\">VSA aux forges de Cran Gevrier<\/div>\n<div>ngg_shortcode_0_placeholder<\/div>\n<div>&nbsp;<\/div>\n<div id=\"titre_galerie\">VSA \u00e0 Rumilly 2017<\/div>\n<div>ngg_shortcode_1_placeholder<\/div>\n<p><a class=\"link-latelier\" href=\"\/vie-de-latelier\/\">Vie de l&rsquo;atelier <\/a><br \/>\n<a class=\"link-latelier\" href=\"\/autre\/\">Liens utiles <\/a><\/p>\n","protected":false},"excerpt":{"rendered":"<p>Apr\u00e8s plusieurs ann\u00e9es pass\u00e9es \u00e0 Seynod, puis \u00e0 Rumilly, l&rsquo;atelier des Vieux Safrans a de nouveau d\u00e9m\u00e9nag\u00e9. C&rsquo;est non sans soucis qu&rsquo;au cours de l&rsquo;automne 2021, l&rsquo;atelier a pu int\u00e9grer ses nouveaux locaux sur la commune d&rsquo;Annecy au sein des anciennes forges de Cran Gevrier. Alors apr\u00e8s quelques inqui\u00e9tudes qui ont pr\u00e9c\u00e9d\u00e9es ce changement de [&hellip;]<\/p>\n","protected":false},"author":1,"featured_media":0,"parent":0,"menu_order":0,"comment_status":"open","ping_status":"open","template":"page-bateaux.php","meta":{"_et_pb_use_builder":"","_et_pb_old_content":"","_et_gb_content_width":"","ngg_post_thumbnail":0,"footnotes":""},"class_list":["post-14","page","type-page","status-publish","hentry"],"yoast_head":"<!-- This site is optimized with the Yoast SEO plugin v27.1.1 - https:\/\/yoast.com\/product\/yoast-seo-wordpress\/ -->\n<title>L&#039;atelier - Les Vieux Safrans d&#039;Annecy<\/title>\n<meta name=\"robots\" content=\"index, follow, max-snippet:-1, max-image-preview:large, max-video-preview:-1\" \/>\n<link rel=\"canonical\" href=\"https:\/\/www.vieuxsafrans.com\/new\/latelier\/\" \/>\n<meta property=\"og:locale\" content=\"fr_FR\" \/>\n<meta property=\"og:type\" content=\"article\" \/>\n<meta property=\"og:title\" content=\"L&#039;atelier - Les Vieux Safrans d&#039;Annecy\" \/>\n<meta property=\"og:description\" content=\"Apr\u00e8s plusieurs ann\u00e9es pass\u00e9es \u00e0 Seynod, puis \u00e0 Rumilly, l&rsquo;atelier des Vieux Safrans a de nouveau d\u00e9m\u00e9nag\u00e9. C&rsquo;est non sans soucis qu&rsquo;au cours de l&rsquo;automne 2021, l&rsquo;atelier a pu int\u00e9grer ses nouveaux locaux sur la commune d&rsquo;Annecy au sein des anciennes forges de Cran Gevrier. Alors apr\u00e8s quelques inqui\u00e9tudes qui ont pr\u00e9c\u00e9d\u00e9es ce changement de [&hellip;]\" \/>\n<meta property=\"og:url\" content=\"https:\/\/www.vieuxsafrans.com\/new\/latelier\/\" \/>\n<meta property=\"og:site_name\" content=\"Les Vieux Safrans d&#039;Annecy\" \/>\n<meta property=\"article:modified_time\" content=\"2022-02-28T00:40:40+00:00\" \/>\n<meta name=\"twitter:card\" content=\"summary_large_image\" \/>\n<meta name=\"twitter:label1\" content=\"Dur\u00e9e de lecture estim\u00e9e\" \/>\n\t<meta name=\"twitter:data1\" content=\"1 minute\" \/>\n<script type=\"application\/ld+json\" class=\"yoast-schema-graph\">{\"@context\":\"https:\/\/schema.org\",\"@graph\":[{\"@type\":\"WebPage\",\"@id\":\"https:\/\/www.vieuxsafrans.com\/new\/latelier\/\",\"url\":\"https:\/\/www.vieuxsafrans.com\/new\/latelier\/\",\"name\":\"L'atelier - Les Vieux Safrans d&#039;Annecy\",\"isPartOf\":{\"@id\":\"https:\/\/www.vieuxsafrans.com\/new\/#website\"},\"datePublished\":\"2010-03-16T10:56:26+00:00\",\"dateModified\":\"2022-02-28T00:40:40+00:00\",\"breadcrumb\":{\"@id\":\"https:\/\/www.vieuxsafrans.com\/new\/latelier\/#breadcrumb\"},\"inLanguage\":\"fr-FR\",\"potentialAction\":[{\"@type\":\"ReadAction\",\"target\":[\"https:\/\/www.vieuxsafrans.com\/new\/latelier\/\"]}]},{\"@type\":\"BreadcrumbList\",\"@id\":\"https:\/\/www.vieuxsafrans.com\/new\/latelier\/#breadcrumb\",\"itemListElement\":[{\"@type\":\"ListItem\",\"position\":1,\"name\":\"Accueil\",\"item\":\"https:\/\/www.vieuxsafrans.com\/new\/\"},{\"@type\":\"ListItem\",\"position\":2,\"name\":\"L&rsquo;atelier\"}]},{\"@type\":\"WebSite\",\"@id\":\"https:\/\/www.vieuxsafrans.com\/new\/#website\",\"url\":\"https:\/\/www.vieuxsafrans.com\/new\/\",\"name\":\"Les Vieux Safrans d&#039;Annecy\",\"description\":\"Vieux safrans, voiles classiques, voilier ancien, bateaux bois, restauration bateaux, voiliers classique, voiliers traditionnels, Lac d&#039;Annecy, Haute Savoie\",\"potentialAction\":[{\"@type\":\"SearchAction\",\"target\":{\"@type\":\"EntryPoint\",\"urlTemplate\":\"https:\/\/www.vieuxsafrans.com\/new\/?s={search_term_string}\"},\"query-input\":{\"@type\":\"PropertyValueSpecification\",\"valueRequired\":true,\"valueName\":\"search_term_string\"}}],\"inLanguage\":\"fr-FR\"}]}<\/script>\n<!-- \/ Yoast SEO plugin. -->","yoast_head_json":{"title":"L'atelier - Les Vieux Safrans d&#039;Annecy","robots":{"index":"index","follow":"follow","max-snippet":"max-snippet:-1","max-image-preview":"max-image-preview:large","max-video-preview":"max-video-preview:-1"},"canonical":"https:\/\/www.vieuxsafrans.com\/new\/latelier\/","og_locale":"fr_FR","og_type":"article","og_title":"L'atelier - Les Vieux Safrans d&#039;Annecy","og_description":"Apr\u00e8s plusieurs ann\u00e9es pass\u00e9es \u00e0 Seynod, puis \u00e0 Rumilly, l&rsquo;atelier des Vieux Safrans a de nouveau d\u00e9m\u00e9nag\u00e9. C&rsquo;est non sans soucis qu&rsquo;au cours de l&rsquo;automne 2021, l&rsquo;atelier a pu int\u00e9grer ses nouveaux locaux sur la commune d&rsquo;Annecy au sein des anciennes forges de Cran Gevrier. Alors apr\u00e8s quelques inqui\u00e9tudes qui ont pr\u00e9c\u00e9d\u00e9es ce changement de [&hellip;]","og_url":"https:\/\/www.vieuxsafrans.com\/new\/latelier\/","og_site_name":"Les Vieux Safrans d&#039;Annecy","article_modified_time":"2022-02-28T00:40:40+00:00","twitter_card":"summary_large_image","twitter_misc":{"Dur\u00e9e de lecture estim\u00e9e":"1 minute"},"schema":{"@context":"https:\/\/schema.org","@graph":[{"@type":"WebPage","@id":"https:\/\/www.vieuxsafrans.com\/new\/latelier\/","url":"https:\/\/www.vieuxsafrans.com\/new\/latelier\/","name":"L'atelier - Les Vieux Safrans d&#039;Annecy","isPartOf":{"@id":"https:\/\/www.vieuxsafrans.com\/new\/#website"},"datePublished":"2010-03-16T10:56:26+00:00","dateModified":"2022-02-28T00:40:40+00:00","breadcrumb":{"@id":"https:\/\/www.vieuxsafrans.com\/new\/latelier\/#breadcrumb"},"inLanguage":"fr-FR","potentialAction":[{"@type":"ReadAction","target":["https:\/\/www.vieuxsafrans.com\/new\/latelier\/"]}]},{"@type":"BreadcrumbList","@id":"https:\/\/www.vieuxsafrans.com\/new\/latelier\/#breadcrumb","itemListElement":[{"@type":"ListItem","position":1,"name":"Accueil","item":"https:\/\/www.vieuxsafrans.com\/new\/"},{"@type":"ListItem","position":2,"name":"L&rsquo;atelier"}]},{"@type":"WebSite","@id":"https:\/\/www.vieuxsafrans.com\/new\/#website","url":"https:\/\/www.vieuxsafrans.com\/new\/","name":"Les Vieux Safrans d&#039;Annecy","description":"Vieux safrans, voiles classiques, voilier ancien, bateaux bois, restauration bateaux, voiliers classique, voiliers traditionnels, Lac d&#039;Annecy, Haute Savoie","potentialAction":[{"@type":"SearchAction","target":{"@type":"EntryPoint","urlTemplate":"https:\/\/www.vieuxsafrans.com\/new\/?s={search_term_string}"},"query-input":{"@type":"PropertyValueSpecification","valueRequired":true,"valueName":"search_term_string"}}],"inLanguage":"fr-FR"}]}},"_links":{"self":[{"href":"https:\/\/www.vieuxsafrans.com\/new\/wp-json\/wp\/v2\/pages\/14","targetHints":{"allow":["GET"]}}],"collection":[{"href":"https:\/\/www.vieuxsafrans.com\/new\/wp-json\/wp\/v2\/pages"}],"about":[{"href":"https:\/\/www.vieuxsafrans.com\/new\/wp-json\/wp\/v2\/types\/page"}],"author":[{"embeddable":true,"href":"https:\/\/www.vieuxsafrans.com\/new\/wp-json\/wp\/v2\/users\/1"}],"replies":[{"embeddable":true,"href":"https:\/\/www.vieuxsafrans.com\/new\/wp-json\/wp\/v2\/comments?post=14"}],"version-history":[{"count":0,"href":"https:\/\/www.vieuxsafrans.com\/new\/wp-json\/wp\/v2\/pages\/14\/revisions"}],"wp:attachment":[{"href":"https:\/\/www.vieuxsafrans.com\/new\/wp-json\/wp\/v2\/media?parent=14"}],"curies":[{"name":"wp","href":"https:\/\/api.w.org\/{rel}","templated":true}]}}