{"id":198,"date":"2010-05-11T09:06:24","date_gmt":"2010-05-11T09:06:24","guid":{"rendered":"http:\/\/www.vieuxsafrans.com\/new\/?page_id=198"},"modified":"2016-12-11T23:57:00","modified_gmt":"2016-12-11T22:57:00","slug":"liens-utiles","status":"publish","type":"page","link":"https:\/\/www.vieuxsafrans.com\/new\/phototheque\/liens-utiles\/","title":{"rendered":"Liens utiles"},"content":{"rendered":"<p>Voici quelques liens vers des sites Internet qui ne manquent pas d&rsquo;int\u00e9r\u00eat. Merci \u00e0 chacun de contribuer \u00e0 cette partie en envoyant, via le formulaire de contact, des liens vers des sites Internet int\u00e9ressants.<\/p>\n<div id=\"titre_galerie\">Liens vers les associations de Classe<\/div>\n<p><a href=\"http:\/\/starclassfrance.free.fr\/\" target=\"_blank\">Star<\/a> (Tr\u00e8s bien fait. A voir absolument !)<br \/>\n<a href=\"http:\/\/www.starclass.org\/index.shtml\" target=\"_blank\">Star class<\/a><br \/>\n<a href=\"http:\/\/www.classe-requin.fr\/\" target=\"_blank\">Association Fran\u00e7aise des Propri\u00e9taires de Requin<\/a><br \/>\n<a href=\"http:\/\/www.france-dragon.org\" target=\"_blank\">France Dragon<\/a><br \/>\n<a href=\"http:\/\/www.ascorsaire.fr\" target=\"_blank\">Corsaire<\/a><\/p>\n<div id=\"titre_galerie\">Liens traitant de r\u00e9novation<\/div>\n<p><a href=\"http:\/\/midship22.blogspot.com\/2004\/06\/historique.html\" target=\"_blank\">MidShip<\/a><br \/>\n(Patrick H)<br \/>\n<a href=\"http:\/\/zygomar.canalblog.com\/\" target=\"_blank\">Blog restauration d&rsquo;un Corsaire<\/a><br \/>\n<a href=\"http:\/\/www.hisse-et-oh.com\/\" target=\"_blank\">Hisse et Oh<\/a><br \/>\n<a href=\"http:\/\/www.chantierdesileaux.com\/index.php\/fr\/\" target=\"_blank\">Chantier des ileaux NO<\/a><\/p>\n<div id=\"titre_galerie\">Liens vers les associations similaires<\/div>\n<p><a href=\"http:\/\/www.voilesdantan.org\/\" target=\"_blank\">Voiles d&rsquo;Antan<\/a> (site d\u00e9sactiv\u00e9&#8230;)<br \/>\n(Patrick H)<br \/>\n<a href=\"http:\/\/motonautismeancien.free.fr\/\" target=\"_blank\">Motonautisme ancien<\/a><br \/>\n<a href=\"http:\/\/www.classicboats.be\/fr\/restauration-bateaux-anciens.html\" target=\"_blank\">Classicboats.be<\/a> Entretien et restauration de bateaux anciens, organisation d&rsquo;activit\u00e9s nautiques, ateliers classic boat<br \/>\n<a href=\"http:\/\/motonautisme-dinghyrunabout.blogspot.fr\/p\/runabout-bisoli.html\" target=\"_blank\">Motonautisme-dinghyrunabout<\/a> Restauration &amp; construction bateaux &#8230; en bois: Runabout Bisoli<br \/>\n<a href=\"http:\/\/www.cmc-retronautisme.fr\/librairie.archives.htm\" target=\"_blank\">Cercle du Motonautisme Classique &#8211; archives historiques<\/a><br \/>\n<a href=\"http:\/\/www.cmc-retronautisme.fr\" target=\"_blank\">Cercle du Motonautisme Classique<\/a><br \/>\n<a href=\"http:\/\/vroum52.com\/runabout.html\" target=\"_blank\">Hors-bords et renabouts anciens et de collection<\/a><\/p>\n","protected":false},"excerpt":{"rendered":"<p>Voici quelques liens vers des sites Internet qui ne manquent pas d&rsquo;int\u00e9r\u00eat. Merci \u00e0 chacun de contribuer \u00e0 cette partie en envoyant, via le formulaire de contact, des liens vers des sites Internet int\u00e9ressants. Liens vers les associations de Classe Star (Tr\u00e8s bien fait. A voir absolument !) Star class Association Fran\u00e7aise des Propri\u00e9taires de [&hellip;]<\/p>\n","protected":false},"author":1,"featured_media":0,"parent":10,"menu_order":0,"comment_status":"open","ping_status":"open","template":"","meta":{"_et_pb_use_builder":"","_et_pb_old_content":"","_et_gb_content_width":"","ngg_post_thumbnail":0,"footnotes":""},"class_list":["post-198","page","type-page","status-publish","hentry"],"yoast_head":"<!-- This site is optimized with the Yoast SEO plugin v27.1.1 - https:\/\/yoast.com\/product\/yoast-seo-wordpress\/ -->\n<title>Liens utiles - Les Vieux Safrans d&#039;Annecy<\/title>\n<meta name=\"robots\" content=\"index, follow, max-snippet:-1, max-image-preview:large, max-video-preview:-1\" \/>\n<link rel=\"canonical\" href=\"https:\/\/www.vieuxsafrans.com\/new\/phototheque\/liens-utiles\/\" \/>\n<meta property=\"og:locale\" content=\"fr_FR\" \/>\n<meta property=\"og:type\" content=\"article\" \/>\n<meta property=\"og:title\" content=\"Liens utiles - Les Vieux Safrans d&#039;Annecy\" \/>\n<meta property=\"og:description\" content=\"Voici quelques liens vers des sites Internet qui ne manquent pas d&rsquo;int\u00e9r\u00eat. Merci \u00e0 chacun de contribuer \u00e0 cette partie en envoyant, via le formulaire de contact, des liens vers des sites Internet int\u00e9ressants. Liens vers les associations de Classe Star (Tr\u00e8s bien fait. A voir absolument !) Star class Association Fran\u00e7aise des Propri\u00e9taires de [&hellip;]\" \/>\n<meta property=\"og:url\" content=\"https:\/\/www.vieuxsafrans.com\/new\/phototheque\/liens-utiles\/\" \/>\n<meta property=\"og:site_name\" content=\"Les Vieux Safrans d&#039;Annecy\" \/>\n<meta property=\"article:modified_time\" content=\"2016-12-11T22:57:00+00:00\" \/>\n<meta name=\"twitter:card\" content=\"summary_large_image\" \/>\n<meta name=\"twitter:label1\" content=\"Dur\u00e9e de lecture estim\u00e9e\" \/>\n\t<meta name=\"twitter:data1\" content=\"1 minute\" \/>\n<script type=\"application\/ld+json\" class=\"yoast-schema-graph\">{\"@context\":\"https:\/\/schema.org\",\"@graph\":[{\"@type\":\"WebPage\",\"@id\":\"https:\/\/www.vieuxsafrans.com\/new\/phototheque\/liens-utiles\/\",\"url\":\"https:\/\/www.vieuxsafrans.com\/new\/phototheque\/liens-utiles\/\",\"name\":\"Liens utiles - Les Vieux Safrans d&#039;Annecy\",\"isPartOf\":{\"@id\":\"https:\/\/www.vieuxsafrans.com\/new\/#website\"},\"datePublished\":\"2010-05-11T09:06:24+00:00\",\"dateModified\":\"2016-12-11T22:57:00+00:00\",\"breadcrumb\":{\"@id\":\"https:\/\/www.vieuxsafrans.com\/new\/phototheque\/liens-utiles\/#breadcrumb\"},\"inLanguage\":\"fr-FR\",\"potentialAction\":[{\"@type\":\"ReadAction\",\"target\":[\"https:\/\/www.vieuxsafrans.com\/new\/phototheque\/liens-utiles\/\"]}]},{\"@type\":\"BreadcrumbList\",\"@id\":\"https:\/\/www.vieuxsafrans.com\/new\/phototheque\/liens-utiles\/#breadcrumb\",\"itemListElement\":[{\"@type\":\"ListItem\",\"position\":1,\"name\":\"Accueil\",\"item\":\"https:\/\/www.vieuxsafrans.com\/new\/\"},{\"@type\":\"ListItem\",\"position\":2,\"name\":\"Galerie\",\"item\":\"https:\/\/www.vieuxsafrans.com\/new\/phototheque\/\"},{\"@type\":\"ListItem\",\"position\":3,\"name\":\"Liens utiles\"}]},{\"@type\":\"WebSite\",\"@id\":\"https:\/\/www.vieuxsafrans.com\/new\/#website\",\"url\":\"https:\/\/www.vieuxsafrans.com\/new\/\",\"name\":\"Les Vieux Safrans d&#039;Annecy\",\"description\":\"Vieux safrans, voiles classiques, voilier ancien, bateaux bois, restauration bateaux, voiliers classique, voiliers traditionnels, Lac d&#039;Annecy, Haute Savoie\",\"potentialAction\":[{\"@type\":\"SearchAction\",\"target\":{\"@type\":\"EntryPoint\",\"urlTemplate\":\"https:\/\/www.vieuxsafrans.com\/new\/?s={search_term_string}\"},\"query-input\":{\"@type\":\"PropertyValueSpecification\",\"valueRequired\":true,\"valueName\":\"search_term_string\"}}],\"inLanguage\":\"fr-FR\"}]}<\/script>\n<!-- \/ Yoast SEO plugin. -->","yoast_head_json":{"title":"Liens utiles - Les Vieux Safrans d&#039;Annecy","robots":{"index":"index","follow":"follow","max-snippet":"max-snippet:-1","max-image-preview":"max-image-preview:large","max-video-preview":"max-video-preview:-1"},"canonical":"https:\/\/www.vieuxsafrans.com\/new\/phototheque\/liens-utiles\/","og_locale":"fr_FR","og_type":"article","og_title":"Liens utiles - Les Vieux Safrans d&#039;Annecy","og_description":"Voici quelques liens vers des sites Internet qui ne manquent pas d&rsquo;int\u00e9r\u00eat. Merci \u00e0 chacun de contribuer \u00e0 cette partie en envoyant, via le formulaire de contact, des liens vers des sites Internet int\u00e9ressants. Liens vers les associations de Classe Star (Tr\u00e8s bien fait. A voir absolument !) Star class Association Fran\u00e7aise des Propri\u00e9taires de [&hellip;]","og_url":"https:\/\/www.vieuxsafrans.com\/new\/phototheque\/liens-utiles\/","og_site_name":"Les Vieux Safrans d&#039;Annecy","article_modified_time":"2016-12-11T22:57:00+00:00","twitter_card":"summary_large_image","twitter_misc":{"Dur\u00e9e de lecture estim\u00e9e":"1 minute"},"schema":{"@context":"https:\/\/schema.org","@graph":[{"@type":"WebPage","@id":"https:\/\/www.vieuxsafrans.com\/new\/phototheque\/liens-utiles\/","url":"https:\/\/www.vieuxsafrans.com\/new\/phototheque\/liens-utiles\/","name":"Liens utiles - Les Vieux Safrans d&#039;Annecy","isPartOf":{"@id":"https:\/\/www.vieuxsafrans.com\/new\/#website"},"datePublished":"2010-05-11T09:06:24+00:00","dateModified":"2016-12-11T22:57:00+00:00","breadcrumb":{"@id":"https:\/\/www.vieuxsafrans.com\/new\/phototheque\/liens-utiles\/#breadcrumb"},"inLanguage":"fr-FR","potentialAction":[{"@type":"ReadAction","target":["https:\/\/www.vieuxsafrans.com\/new\/phototheque\/liens-utiles\/"]}]},{"@type":"BreadcrumbList","@id":"https:\/\/www.vieuxsafrans.com\/new\/phototheque\/liens-utiles\/#breadcrumb","itemListElement":[{"@type":"ListItem","position":1,"name":"Accueil","item":"https:\/\/www.vieuxsafrans.com\/new\/"},{"@type":"ListItem","position":2,"name":"Galerie","item":"https:\/\/www.vieuxsafrans.com\/new\/phototheque\/"},{"@type":"ListItem","position":3,"name":"Liens utiles"}]},{"@type":"WebSite","@id":"https:\/\/www.vieuxsafrans.com\/new\/#website","url":"https:\/\/www.vieuxsafrans.com\/new\/","name":"Les Vieux Safrans d&#039;Annecy","description":"Vieux safrans, voiles classiques, voilier ancien, bateaux bois, restauration bateaux, voiliers classique, voiliers traditionnels, Lac d&#039;Annecy, Haute Savoie","potentialAction":[{"@type":"SearchAction","target":{"@type":"EntryPoint","urlTemplate":"https:\/\/www.vieuxsafrans.com\/new\/?s={search_term_string}"},"query-input":{"@type":"PropertyValueSpecification","valueRequired":true,"valueName":"search_term_string"}}],"inLanguage":"fr-FR"}]}},"_links":{"self":[{"href":"https:\/\/www.vieuxsafrans.com\/new\/wp-json\/wp\/v2\/pages\/198","targetHints":{"allow":["GET"]}}],"collection":[{"href":"https:\/\/www.vieuxsafrans.com\/new\/wp-json\/wp\/v2\/pages"}],"about":[{"href":"https:\/\/www.vieuxsafrans.com\/new\/wp-json\/wp\/v2\/types\/page"}],"author":[{"embeddable":true,"href":"https:\/\/www.vieuxsafrans.com\/new\/wp-json\/wp\/v2\/users\/1"}],"replies":[{"embeddable":true,"href":"https:\/\/www.vieuxsafrans.com\/new\/wp-json\/wp\/v2\/comments?post=198"}],"version-history":[{"count":0,"href":"https:\/\/www.vieuxsafrans.com\/new\/wp-json\/wp\/v2\/pages\/198\/revisions"}],"up":[{"embeddable":true,"href":"https:\/\/www.vieuxsafrans.com\/new\/wp-json\/wp\/v2\/pages\/10"}],"wp:attachment":[{"href":"https:\/\/www.vieuxsafrans.com\/new\/wp-json\/wp\/v2\/media?parent=198"}],"curies":[{"name":"wp","href":"https:\/\/api.w.org\/{rel}","templated":true}]}}