{"id":42,"date":"2010-03-17T09:36:32","date_gmt":"2010-03-17T09:36:32","guid":{"rendered":"http:\/\/vieuxsafrans.com\/?page_id=42"},"modified":"2023-11-03T02:44:28","modified_gmt":"2023-11-03T01:44:28","slug":"photos","status":"publish","type":"page","link":"https:\/\/www.vieuxsafrans.com\/new\/phototheque\/photos\/","title":{"rendered":"L&rsquo;album photo des VSA"},"content":{"rendered":"\n<p>Cliquez sur les images pour les voir en grande taille. Utilisez PicLens pour les lancer en diaporama.<\/p>\n\n<div id=\"titre_galerie\">Journ\u00e9es du patrimoine 2023<\/div>\nngg_shortcode_0_placeholder\n<div id=\"titre_galerie\">Journ\u00e9es du patrimoine 2022<\/div>\nngg_shortcode_1_placeholder\n<div id=\"titre_galerie\">Porte ouverte 2022<\/div>\nngg_shortcode_2_placeholder\n<div id=\"titre_galerie\">Salon nautique Aix les Bains 2022<\/div>\nngg_shortcode_3_placeholder\n<div id=\"titre_galerie\">Journ\u00e9e du patrimoine 2021<\/div>\nngg_shortcode_4_placeholder\n<div id=\"titre_galerie\">Sortie Annecy lac saison 2020<\/div>\nngg_shortcode_5_placeholder\n<div id=\"titre_galerie\">Visite du chantier de l&rsquo;Esp\u00e9rance<\/div>\nngg_shortcode_6_placeholder\n<div id=\"titre_galerie\">Coupe des L\u00e9gendes 2019 au CVP<\/div>\nngg_shortcode_7_placeholder\n<div id=\"titre_galerie\">Belle Plaisance &#8211; B\u00e9nodet 2019<\/div>\nngg_shortcode_8_placeholder\n<div id=\"titre_galerie\">Portes ouvertes des VSA 2019<\/div>\nngg_shortcode_9_placeholder\n<div id=\"titre_galerie\">Lys Transat Classique Panerai 2019<\/div>\nngg_shortcode_10_placeholder\n<div id=\"titre_galerie\">Portes ouvertes des VSA 2018<\/div>\nngg_shortcode_11_placeholder\n<div id=\"titre_galerie\">R\u00e9gate du Pr\u00e9sident 2017<\/div>\nngg_shortcode_12_placeholder\n<div id=\"titre_galerie\">Portes Ouvertes 2017<\/div>\nngg_shortcode_13_placeholder\n<div id=\"titre_galerie\">Lac d&rsquo;Argent 2016<\/div>\nngg_shortcode_14_placeholder\n<div id=\"titre_galerie\">Pel Mel Annecy 2016<\/div>\nngg_shortcode_15_placeholder\n<div id=\"titre_galerie\">Voiles Classiques YCIF &#8211; Mureaux<\/div>\nngg_shortcode_16_placeholder\n<div id=\"titre_galerie\">Voiles et Voiliers aux VSA<\/div>\n<p>ngg_shortcode_17_placeholder<br>Article du magazine Voiles et Voiliers&nbsp;N\u00b0533 de juillet 2015<\/p>\n<div id=\"titre_galerie\">A Douarnenez par Christian Haase<\/div>\nngg_shortcode_18_placeholder\n<div id=\"titre_galerie\">Requins \u00e0 la SRV d&rsquo;Annecy \u00e9t\u00e9 2014<\/div>\nngg_shortcode_19_placeholder\n<div id=\"titre_galerie\">Solitaire d&rsquo;\u00e9t\u00e9 2014<\/div>\nngg_shortcode_20_placeholder\n<div id=\"titre_galerie\">Classic Yacht<\/div>\nngg_shortcode_21_placeholder\n<div id=\"titre_galerie\">La mort d&rsquo;un Requin<\/div>\nngg_shortcode_22_placeholder\n<div id=\"titre_galerie\">Requin Helena sous l&rsquo;eau<\/div>\nngg_shortcode_23_placeholder\n<div id=\"titre_galerie\">Les Naut&rsquo;Antics 2010<\/div>\nngg_shortcode_24_placeholder\n","protected":false},"excerpt":{"rendered":"<p>Cliquez sur les images pour les voir en grande taille. Utilisez PicLens pour les lancer en diaporama. Journ\u00e9es du patrimoine 2023 Journ\u00e9es du patrimoine 2022 Porte ouverte 2022 Salon nautique Aix les Bains 2022 Journ\u00e9e du patrimoine 2021 Sortie Annecy lac saison 2020 Visite du chantier de l&rsquo;Esp\u00e9rance Coupe des L\u00e9gendes 2019 au CVP Belle [&hellip;]<\/p>\n","protected":false},"author":1,"featured_media":0,"parent":10,"menu_order":0,"comment_status":"open","ping_status":"open","template":"","meta":{"_et_pb_use_builder":"","_et_pb_old_content":"","_et_gb_content_width":"","ngg_post_thumbnail":0,"footnotes":""},"class_list":["post-42","page","type-page","status-publish","hentry"],"yoast_head":"<!-- This site is optimized with the Yoast SEO plugin v27.1.1 - https:\/\/yoast.com\/product\/yoast-seo-wordpress\/ -->\n<title>L&#039;album photo des VSA - Les Vieux Safrans d&#039;Annecy<\/title>\n<meta name=\"robots\" content=\"index, follow, max-snippet:-1, max-image-preview:large, max-video-preview:-1\" \/>\n<link rel=\"canonical\" href=\"https:\/\/www.vieuxsafrans.com\/new\/phototheque\/photos\/\" \/>\n<meta property=\"og:locale\" content=\"fr_FR\" \/>\n<meta property=\"og:type\" content=\"article\" \/>\n<meta property=\"og:title\" content=\"L&#039;album photo des VSA - Les Vieux Safrans d&#039;Annecy\" \/>\n<meta property=\"og:description\" content=\"Cliquez sur les images pour les voir en grande taille. Utilisez PicLens pour les lancer en diaporama. Journ\u00e9es du patrimoine 2023 Journ\u00e9es du patrimoine 2022 Porte ouverte 2022 Salon nautique Aix les Bains 2022 Journ\u00e9e du patrimoine 2021 Sortie Annecy lac saison 2020 Visite du chantier de l&rsquo;Esp\u00e9rance Coupe des L\u00e9gendes 2019 au CVP Belle [&hellip;]\" \/>\n<meta property=\"og:url\" content=\"https:\/\/www.vieuxsafrans.com\/new\/phototheque\/photos\/\" \/>\n<meta property=\"og:site_name\" content=\"Les Vieux Safrans d&#039;Annecy\" \/>\n<meta property=\"article:modified_time\" content=\"2023-11-03T01:44:28+00:00\" \/>\n<meta name=\"twitter:card\" content=\"summary_large_image\" \/>\n<meta name=\"twitter:label1\" content=\"Dur\u00e9e de lecture estim\u00e9e\" \/>\n\t<meta name=\"twitter:data1\" content=\"1 minute\" \/>\n<script type=\"application\/ld+json\" class=\"yoast-schema-graph\">{\"@context\":\"https:\/\/schema.org\",\"@graph\":[{\"@type\":\"WebPage\",\"@id\":\"https:\/\/www.vieuxsafrans.com\/new\/phototheque\/photos\/\",\"url\":\"https:\/\/www.vieuxsafrans.com\/new\/phototheque\/photos\/\",\"name\":\"L'album photo des VSA - Les Vieux Safrans d&#039;Annecy\",\"isPartOf\":{\"@id\":\"https:\/\/www.vieuxsafrans.com\/new\/#website\"},\"datePublished\":\"2010-03-17T09:36:32+00:00\",\"dateModified\":\"2023-11-03T01:44:28+00:00\",\"breadcrumb\":{\"@id\":\"https:\/\/www.vieuxsafrans.com\/new\/phototheque\/photos\/#breadcrumb\"},\"inLanguage\":\"fr-FR\",\"potentialAction\":[{\"@type\":\"ReadAction\",\"target\":[\"https:\/\/www.vieuxsafrans.com\/new\/phototheque\/photos\/\"]}]},{\"@type\":\"BreadcrumbList\",\"@id\":\"https:\/\/www.vieuxsafrans.com\/new\/phototheque\/photos\/#breadcrumb\",\"itemListElement\":[{\"@type\":\"ListItem\",\"position\":1,\"name\":\"Accueil\",\"item\":\"https:\/\/www.vieuxsafrans.com\/new\/\"},{\"@type\":\"ListItem\",\"position\":2,\"name\":\"Galerie\",\"item\":\"https:\/\/www.vieuxsafrans.com\/new\/phototheque\/\"},{\"@type\":\"ListItem\",\"position\":3,\"name\":\"L&rsquo;album photo des VSA\"}]},{\"@type\":\"WebSite\",\"@id\":\"https:\/\/www.vieuxsafrans.com\/new\/#website\",\"url\":\"https:\/\/www.vieuxsafrans.com\/new\/\",\"name\":\"Les Vieux Safrans d&#039;Annecy\",\"description\":\"Vieux safrans, voiles classiques, voilier ancien, bateaux bois, restauration bateaux, voiliers classique, voiliers traditionnels, Lac d&#039;Annecy, Haute Savoie\",\"potentialAction\":[{\"@type\":\"SearchAction\",\"target\":{\"@type\":\"EntryPoint\",\"urlTemplate\":\"https:\/\/www.vieuxsafrans.com\/new\/?s={search_term_string}\"},\"query-input\":{\"@type\":\"PropertyValueSpecification\",\"valueRequired\":true,\"valueName\":\"search_term_string\"}}],\"inLanguage\":\"fr-FR\"}]}<\/script>\n<!-- \/ Yoast SEO plugin. -->","yoast_head_json":{"title":"L'album photo des VSA - Les Vieux Safrans d&#039;Annecy","robots":{"index":"index","follow":"follow","max-snippet":"max-snippet:-1","max-image-preview":"max-image-preview:large","max-video-preview":"max-video-preview:-1"},"canonical":"https:\/\/www.vieuxsafrans.com\/new\/phototheque\/photos\/","og_locale":"fr_FR","og_type":"article","og_title":"L'album photo des VSA - Les Vieux Safrans d&#039;Annecy","og_description":"Cliquez sur les images pour les voir en grande taille. Utilisez PicLens pour les lancer en diaporama. Journ\u00e9es du patrimoine 2023 Journ\u00e9es du patrimoine 2022 Porte ouverte 2022 Salon nautique Aix les Bains 2022 Journ\u00e9e du patrimoine 2021 Sortie Annecy lac saison 2020 Visite du chantier de l&rsquo;Esp\u00e9rance Coupe des L\u00e9gendes 2019 au CVP Belle [&hellip;]","og_url":"https:\/\/www.vieuxsafrans.com\/new\/phototheque\/photos\/","og_site_name":"Les Vieux Safrans d&#039;Annecy","article_modified_time":"2023-11-03T01:44:28+00:00","twitter_card":"summary_large_image","twitter_misc":{"Dur\u00e9e de lecture estim\u00e9e":"1 minute"},"schema":{"@context":"https:\/\/schema.org","@graph":[{"@type":"WebPage","@id":"https:\/\/www.vieuxsafrans.com\/new\/phototheque\/photos\/","url":"https:\/\/www.vieuxsafrans.com\/new\/phototheque\/photos\/","name":"L'album photo des VSA - Les Vieux Safrans d&#039;Annecy","isPartOf":{"@id":"https:\/\/www.vieuxsafrans.com\/new\/#website"},"datePublished":"2010-03-17T09:36:32+00:00","dateModified":"2023-11-03T01:44:28+00:00","breadcrumb":{"@id":"https:\/\/www.vieuxsafrans.com\/new\/phototheque\/photos\/#breadcrumb"},"inLanguage":"fr-FR","potentialAction":[{"@type":"ReadAction","target":["https:\/\/www.vieuxsafrans.com\/new\/phototheque\/photos\/"]}]},{"@type":"BreadcrumbList","@id":"https:\/\/www.vieuxsafrans.com\/new\/phototheque\/photos\/#breadcrumb","itemListElement":[{"@type":"ListItem","position":1,"name":"Accueil","item":"https:\/\/www.vieuxsafrans.com\/new\/"},{"@type":"ListItem","position":2,"name":"Galerie","item":"https:\/\/www.vieuxsafrans.com\/new\/phototheque\/"},{"@type":"ListItem","position":3,"name":"L&rsquo;album photo des VSA"}]},{"@type":"WebSite","@id":"https:\/\/www.vieuxsafrans.com\/new\/#website","url":"https:\/\/www.vieuxsafrans.com\/new\/","name":"Les Vieux Safrans d&#039;Annecy","description":"Vieux safrans, voiles classiques, voilier ancien, bateaux bois, restauration bateaux, voiliers classique, voiliers traditionnels, Lac d&#039;Annecy, Haute Savoie","potentialAction":[{"@type":"SearchAction","target":{"@type":"EntryPoint","urlTemplate":"https:\/\/www.vieuxsafrans.com\/new\/?s={search_term_string}"},"query-input":{"@type":"PropertyValueSpecification","valueRequired":true,"valueName":"search_term_string"}}],"inLanguage":"fr-FR"}]}},"_links":{"self":[{"href":"https:\/\/www.vieuxsafrans.com\/new\/wp-json\/wp\/v2\/pages\/42","targetHints":{"allow":["GET"]}}],"collection":[{"href":"https:\/\/www.vieuxsafrans.com\/new\/wp-json\/wp\/v2\/pages"}],"about":[{"href":"https:\/\/www.vieuxsafrans.com\/new\/wp-json\/wp\/v2\/types\/page"}],"author":[{"embeddable":true,"href":"https:\/\/www.vieuxsafrans.com\/new\/wp-json\/wp\/v2\/users\/1"}],"replies":[{"embeddable":true,"href":"https:\/\/www.vieuxsafrans.com\/new\/wp-json\/wp\/v2\/comments?post=42"}],"version-history":[{"count":0,"href":"https:\/\/www.vieuxsafrans.com\/new\/wp-json\/wp\/v2\/pages\/42\/revisions"}],"up":[{"embeddable":true,"href":"https:\/\/www.vieuxsafrans.com\/new\/wp-json\/wp\/v2\/pages\/10"}],"wp:attachment":[{"href":"https:\/\/www.vieuxsafrans.com\/new\/wp-json\/wp\/v2\/media?parent=42"}],"curies":[{"name":"wp","href":"https:\/\/api.w.org\/{rel}","templated":true}]}}