{"id":4389,"date":"2018-04-19T01:06:19","date_gmt":"2018-04-18T23:06:19","guid":{"rendered":"http:\/\/www.vieuxsafrans.com\/new\/?page_id=4389"},"modified":"2025-07-08T03:02:17","modified_gmt":"2025-07-08T01:02:17","slug":"voiles-du-lac-dannecy","status":"publish","type":"page","link":"https:\/\/www.vieuxsafrans.com\/new\/voiles-du-lac-dannecy\/","title":{"rendered":"Les Voiles du Lac"},"content":{"rendered":"<div>\n<div id=\"titre_galerie\">Les Voiles du Lac d&rsquo;Annecy 2025<\/div>\n<div>&nbsp;<\/div>\nngg_shortcode_0_placeholder\n<p>&nbsp;<\/p>\n<\/div>\n<div id=\"titre_galerie\">Les Voiles du Lac d&rsquo;Annecy 2023<\/div>\n<div>&nbsp;<\/div>\nngg_shortcode_1_placeholder\n<p>&nbsp;<\/p>\n\n\n<figure class=\"wp-block-image aligncenter size-large\"><img loading=\"lazy\" decoding=\"async\" width=\"724\" height=\"1024\" src=\"http:\/\/www.vieuxsafrans.com\/new\/wp-content\/uploads\/2023\/03\/affiche-voile-du-lac-validee-v2-avec-qrc-1-724x1024.jpg\" alt=\"\" class=\"wp-image-7730\" srcset=\"https:\/\/www.vieuxsafrans.com\/new\/wp-content\/uploads\/2023\/03\/affiche-voile-du-lac-validee-v2-avec-qrc-1-724x1024.jpg 724w, https:\/\/www.vieuxsafrans.com\/new\/wp-content\/uploads\/2023\/03\/affiche-voile-du-lac-validee-v2-avec-qrc-1-212x300.jpg 212w, https:\/\/www.vieuxsafrans.com\/new\/wp-content\/uploads\/2023\/03\/affiche-voile-du-lac-validee-v2-avec-qrc-1-106x150.jpg 106w, https:\/\/www.vieuxsafrans.com\/new\/wp-content\/uploads\/2023\/03\/affiche-voile-du-lac-validee-v2-avec-qrc-1-768x1086.jpg 768w, https:\/\/www.vieuxsafrans.com\/new\/wp-content\/uploads\/2023\/03\/affiche-voile-du-lac-validee-v2-avec-qrc-1-1086x1536.jpg 1086w, https:\/\/www.vieuxsafrans.com\/new\/wp-content\/uploads\/2023\/03\/affiche-voile-du-lac-validee-v2-avec-qrc-1-1448x2048.jpg 1448w, https:\/\/www.vieuxsafrans.com\/new\/wp-content\/uploads\/2023\/03\/affiche-voile-du-lac-validee-v2-avec-qrc-1.jpg 1654w\" sizes=\"(max-width: 724px) 100vw, 724px\" \/><\/figure>\n\n\n\n<figure class=\"wp-block-image size-large is-resized\"><img loading=\"lazy\" decoding=\"async\" width=\"1024\" height=\"576\" src=\"http:\/\/www.vieuxsafrans.com\/new\/wp-content\/uploads\/2023\/03\/Prog-VDL-2023-1-1024x576.jpg\" alt=\"\" class=\"wp-image-7729\" style=\"width:576px;height:324px\" srcset=\"https:\/\/www.vieuxsafrans.com\/new\/wp-content\/uploads\/2023\/03\/Prog-VDL-2023-1-1024x576.jpg 1024w, https:\/\/www.vieuxsafrans.com\/new\/wp-content\/uploads\/2023\/03\/Prog-VDL-2023-1-300x169.jpg 300w, https:\/\/www.vieuxsafrans.com\/new\/wp-content\/uploads\/2023\/03\/Prog-VDL-2023-1-150x84.jpg 150w, https:\/\/www.vieuxsafrans.com\/new\/wp-content\/uploads\/2023\/03\/Prog-VDL-2023-1-768x432.jpg 768w, https:\/\/www.vieuxsafrans.com\/new\/wp-content\/uploads\/2023\/03\/Prog-VDL-2023-1-1536x864.jpg 1536w, https:\/\/www.vieuxsafrans.com\/new\/wp-content\/uploads\/2023\/03\/Prog-VDL-2023-1-2048x1152.jpg 2048w\" sizes=\"(max-width: 1024px) 100vw, 1024px\" \/><\/figure>\n\n\n\n<div class=\"wp-block-file\"><a href=\"http:\/\/www.vieuxsafrans.com\/new\/wp-content\/uploads\/2023\/03\/Prog-VDL-2023.pdf\">Programme des Voiles du Lac 2023.pdf<\/a><a href=\"http:\/\/www.vieuxsafrans.com\/new\/wp-content\/uploads\/2023\/03\/Prog-VDL-2023.pdf\" class=\"wp-block-file__button wp-element-button\" download>T\u00e9l\u00e9charger<\/a><\/div>\n\n\n\n<div class=\"wp-block-file\"><a href=\"http:\/\/www.vieuxsafrans.com\/new\/wp-content\/uploads\/2023\/03\/INSCRIPTION-VDLOK.xlsx\"><strong><span class=\"has-inline-color has-luminous-vivid-orange-color\">Formulaire d&rsquo;inscription aux Voiles du Lac <strong>2023<\/strong><\/span><\/strong><\/a><a href=\"http:\/\/www.vieuxsafrans.com\/new\/wp-content\/uploads\/2023\/03\/INSCRIPTION-VDLOK.xlsx\" class=\"wp-block-file__button wp-element-button\" download>T\u00e9l\u00e9charger<\/a><\/div>\n\n\n\n<p><strong><span class=\"has-inline-color has-luminous-vivid-orange-color\">A retourner \u00e0 l&rsquo;association : <\/span><\/strong> <span class=\"has-inline-color has-vivid-cyan-blue-color\">vieuxsafrans.annecy@gmail.com<\/span><\/p>\n\n\n<div>&nbsp;<\/div>\n<div>&nbsp;<\/div>\n<div>&nbsp;<\/div>\n<div id=\"titre_galerie\">Les Voiles du Lac d&rsquo;Annecy 2018<\/div>\n<div>Credit photo :&nbsp;E.SAMPERS, JF.CHARRIERE-GRAILHE et JM.FAVRE<\/div>\nngg_shortcode_2_placeholder\n<p>&nbsp;<\/p>\n<p style=\"text-align: left;\"><a href=\"http:\/\/www.vieuxsafrans.com\/new\/wp-content\/uploads\/2018\/04\/AFF-VLE-DU-LAC-ok-page-001.jpg\" rel=\"attachment wp-att-4381\"><img loading=\"lazy\" decoding=\"async\" class=\"wp-image-4381 aligncenter\" src=\"http:\/\/www.vieuxsafrans.com\/new\/wp-content\/uploads\/2018\/04\/AFF-VLE-DU-LAC-ok-page-001.jpg\" alt=\"AFF VLE DU LAC ok-page-001\" width=\"172\" height=\"241\"><\/a><\/p>\n<p style=\"text-align: center;\">&nbsp;<\/p>\n<p style=\"text-align: left;\"><strong>L&rsquo;\u00e9v\u00e8nement est r\u00e9serv\u00e9 aux voiliers de tradition&nbsp;de moins de 10m ( Chatou, Aile, Dragon, Lacustre, Corsaire, Requin, Star, Sharpie, Tornado\u2026 ) \u2013 Il se d\u00e9roule \u00e0 Annecy, perch\u00e9&nbsp;\u00e0 430 m d&rsquo;altitude dans les montagnes, sur le lac d&rsquo;Annecy \u00e0 la <a href=\"http:\/\/www.srva.info\/#\" target=\"_blank\" rel=\"noopener\">SRV ANNECY<\/a><\/strong><\/p>\n<p style=\"text-align: left;\">Renseignements techniques (grutage, mise \u00e0 l&rsquo;eau&#8230;), contactez d\u00e8s \u00e0 pr\u00e9sent Roger QUENET :&nbsp;rogerquenet@free.fr&nbsp;&nbsp;<\/p>\n<div style=\"text-align: left;\">Au <strong>PROGRAMME<\/strong>&nbsp;:<\/div>\n<div style=\"text-align: left;\">Jeudi 24 : &nbsp; &nbsp; &nbsp; 8h 30 \u00e0 12h \u2013 Accueil des participants, &nbsp;inscriptions , mise a l\u2019eau \u00e0 la<\/div>\n<div style=\"text-align: left;\">&nbsp; &nbsp; &nbsp; &nbsp; &nbsp; &nbsp; &nbsp; &nbsp; &nbsp; &nbsp; &nbsp; &nbsp;<a href=\"http:\/\/www.srva.info\/#\" target=\"_blank\" rel=\"noopener\">SRV ANNECY<\/a><\/div>\n<div style=\"text-align: left;\">&nbsp; &nbsp; &nbsp; &nbsp; &nbsp; &nbsp; &nbsp; &nbsp; &nbsp; &nbsp; &nbsp; 14h Bapt\u00e8me de&nbsp;<em>Dragon, <\/em>le&nbsp;dernier Requin construit aux VSA&nbsp;sous le N\u00b0 499<\/div>\n<div style=\"text-align: left;\">&nbsp; &nbsp; &nbsp; &nbsp; &nbsp; &nbsp; &nbsp; &nbsp; &nbsp; &nbsp; &nbsp; 14h \u00e0 18h \u2013 D\u00e9couverte du lac en flottille (<em>pr\u00e9voir&nbsp;les casse-croutes<\/em>)<\/div>\n<div style=\"text-align: left;\">&nbsp; &nbsp; &nbsp; &nbsp; &nbsp; &nbsp; &nbsp; &nbsp; &nbsp; &nbsp; &nbsp; 19h \u00e0 23 h \u2013 Ap\u00e9ritif d\u00eenatoire.<\/div>\n<div style=\"text-align: left;\">Vendredi 25 : &nbsp; 8h30 \u00e0 10h \u2013 Accueil des participants, inscriptions, mise a l\u2019eau.<\/div>\n<div style=\"text-align: left;\">&nbsp; &nbsp; &nbsp; &nbsp; &nbsp; &nbsp; &nbsp; &nbsp; &nbsp; &nbsp; &nbsp; 10h30 \u00e0 18h \u2013 D\u00e9couverte du lac en flottille&nbsp;(<em>pr\u00e9voir&nbsp;les casse-croutes<\/em>)<\/div>\n<div style=\"text-align: left;\">&nbsp; &nbsp; &nbsp; &nbsp; &nbsp; &nbsp; &nbsp; &nbsp; &nbsp; &nbsp; &nbsp; 19h \u00e0 23h \u2013 Aperitif d\u00eenatoire et chants marins<\/div>\n<div style=\"text-align: left;\">Samedi 26 : &nbsp;&nbsp; &nbsp;8h30 \u00e0 10h \u2013 Inscriptions<\/div>\n<div style=\"text-align: left;\">&nbsp; &nbsp; &nbsp; &nbsp; &nbsp; &nbsp; &nbsp; &nbsp; &nbsp; &nbsp; &nbsp; 11h \u00e0 17h \u2013 R\u00e9gates pour tous (<em>licence obligatoire 14\u20ac\/pers \u00e0 la journ\u00e9e<\/em>)<\/div>\n<div style=\"text-align: left;\">&nbsp; &nbsp; &nbsp; &nbsp; &nbsp; &nbsp; &nbsp; &nbsp; &nbsp; &nbsp; &nbsp; 19h \u00e0 minuit \u2013 Ap\u00e9ritif suivi du repas de Galas (<em>tenue nautique&nbsp;exig\u00e9e)<\/em><\/div>\n<div style=\"text-align: left;\">&nbsp; &nbsp; &nbsp; &nbsp; &nbsp; &nbsp; &nbsp; &nbsp; &nbsp; &nbsp; &nbsp; 19h30 \u00e0 20h15 Conf\u00e9rence : \u00ab La vraie histoire de la Plaisance au del\u00e0 des lieux<\/div>\n<div style=\"text-align: left;\">&nbsp; &nbsp; &nbsp; &nbsp; &nbsp; &nbsp; &nbsp; &nbsp; &nbsp; &nbsp; &nbsp; communs et des l\u00e9gendes \u00bb par Monsieur Louis Pillon, Ecrivain et Historien du<\/div>\n<div style=\"text-align: left;\">&nbsp; &nbsp; &nbsp; &nbsp; &nbsp; &nbsp; &nbsp; &nbsp; &nbsp; &nbsp; &nbsp; nautisme<\/div>\n<div style=\"text-align: left;\">Dimanche 27 :&nbsp;Navigation&nbsp;en flottille<\/div>\n<div style=\"text-align: left;\">&nbsp; &nbsp; &nbsp; &nbsp; &nbsp; &nbsp; &nbsp; &nbsp; &nbsp; &nbsp; &nbsp; 16h00 \u2013 Remises des r\u00e9compenses<\/div>\n<div style=\"text-align: left;\">&nbsp; &nbsp; &nbsp; &nbsp; &nbsp; &nbsp; &nbsp; &nbsp; &nbsp; &nbsp; &nbsp; 17h \u2013 Cl\u00f4ture des Voiles du Lac<\/div>\n<div style=\"text-align: left;\">&nbsp;<\/div>\n<div style=\"text-align: left;\"><strong>\u2014&nbsp;<em>une participation financi\u00e8re&nbsp;de 60\u20ac&nbsp;est r\u00e9clam\u00e9e pour les 4 jours afin de couvrir l\u2019organisation des r\u00e9gates et l\u2019accueil g\u00e9n\u00e9ral des Voiles d\u2019Annecy 2018. Pour la bonne organisation de cet \u00e9v\u00e8nement, vous pouvez vous pr\u00e9-inscrire via la page&nbsp;<a href=\"http:\/\/www.vieuxsafrans.com\/new\/contact\/\" target=\"_blank\" rel=\"noopener\">contact<\/a>&nbsp;du site.<\/em><\/strong><\/div>\n<div style=\"text-align: left;\">&nbsp;<\/div>\n<div style=\"text-align: left;\">&nbsp;<\/div>\n<div style=\"text-align: left;\">\n<div id=\"titre_galerie\">Les Voiles du Lac d&rsquo;Annecy 2017<\/div>\nngg_shortcode_3_placeholder\n<div id=\"titre_galerie\">Les Voiles du Lac d&rsquo;Annecy 2016<\/div>\nngg_shortcode_4_placeholder\n<div id=\"titre_galerie\">Les Voiles du Lac d&rsquo;Annecy 2015<\/div>\nngg_shortcode_5_placeholder\n<div id=\"titre_galerie\">Les Voiles du Lac d&rsquo;Annecy 2010<\/div>\nngg_shortcode_6_placeholder\n<\/div>\n\n\n<p><\/p>\n","protected":false},"excerpt":{"rendered":"<p>Les Voiles du Lac d&rsquo;Annecy 2025 &nbsp; &nbsp; Les Voiles du Lac d&rsquo;Annecy 2023 &nbsp; &nbsp; A retourner \u00e0 l&rsquo;association : vieuxsafrans.annecy@gmail.com &nbsp; &nbsp; &nbsp; Les Voiles du Lac d&rsquo;Annecy 2018 Credit photo :&nbsp;E.SAMPERS, JF.CHARRIERE-GRAILHE et JM.FAVRE &nbsp; &nbsp; L&rsquo;\u00e9v\u00e8nement est r\u00e9serv\u00e9 aux voiliers de tradition&nbsp;de moins de 10m ( Chatou, Aile, Dragon, Lacustre, Corsaire, [&hellip;]<\/p>\n","protected":false},"author":1,"featured_media":0,"parent":0,"menu_order":0,"comment_status":"closed","ping_status":"closed","template":"","meta":{"_et_pb_use_builder":"","_et_pb_old_content":"","_et_gb_content_width":"","ngg_post_thumbnail":0,"footnotes":""},"class_list":["post-4389","page","type-page","status-publish","hentry"],"yoast_head":"<!-- This site is optimized with the Yoast SEO plugin v27.1.1 - https:\/\/yoast.com\/product\/yoast-seo-wordpress\/ -->\n<title>Les Voiles du Lac - Les Vieux Safrans d&#039;Annecy<\/title>\n<meta name=\"robots\" content=\"index, follow, max-snippet:-1, max-image-preview:large, max-video-preview:-1\" \/>\n<link rel=\"canonical\" href=\"https:\/\/www.vieuxsafrans.com\/new\/voiles-du-lac-dannecy\/\" \/>\n<meta property=\"og:locale\" content=\"fr_FR\" \/>\n<meta property=\"og:type\" content=\"article\" \/>\n<meta property=\"og:title\" content=\"Les Voiles du Lac - Les Vieux Safrans d&#039;Annecy\" \/>\n<meta property=\"og:description\" content=\"Les Voiles du Lac d&rsquo;Annecy 2025 &nbsp; &nbsp; Les Voiles du Lac d&rsquo;Annecy 2023 &nbsp; &nbsp; A retourner \u00e0 l&rsquo;association : vieuxsafrans.annecy@gmail.com &nbsp; &nbsp; &nbsp; Les Voiles du Lac d&rsquo;Annecy 2018 Credit photo :&nbsp;E.SAMPERS, JF.CHARRIERE-GRAILHE et JM.FAVRE &nbsp; &nbsp; L&rsquo;\u00e9v\u00e8nement est r\u00e9serv\u00e9 aux voiliers de tradition&nbsp;de moins de 10m ( Chatou, Aile, Dragon, Lacustre, Corsaire, [&hellip;]\" \/>\n<meta property=\"og:url\" content=\"https:\/\/www.vieuxsafrans.com\/new\/voiles-du-lac-dannecy\/\" \/>\n<meta property=\"og:site_name\" content=\"Les Vieux Safrans d&#039;Annecy\" \/>\n<meta property=\"article:modified_time\" content=\"2025-07-08T01:02:17+00:00\" \/>\n<meta property=\"og:image\" content=\"http:\/\/www.vieuxsafrans.com\/new\/wp-content\/uploads\/2023\/03\/affiche-voile-du-lac-validee-v2-avec-qrc-1-724x1024.jpg\" \/>\n<meta name=\"twitter:card\" content=\"summary_large_image\" \/>\n<meta name=\"twitter:label1\" content=\"Dur\u00e9e de lecture estim\u00e9e\" \/>\n\t<meta name=\"twitter:data1\" content=\"3 minutes\" \/>\n<script type=\"application\/ld+json\" class=\"yoast-schema-graph\">{\"@context\":\"https:\/\/schema.org\",\"@graph\":[{\"@type\":\"WebPage\",\"@id\":\"https:\/\/www.vieuxsafrans.com\/new\/voiles-du-lac-dannecy\/\",\"url\":\"https:\/\/www.vieuxsafrans.com\/new\/voiles-du-lac-dannecy\/\",\"name\":\"Les Voiles du Lac - Les Vieux Safrans d&#039;Annecy\",\"isPartOf\":{\"@id\":\"https:\/\/www.vieuxsafrans.com\/new\/#website\"},\"primaryImageOfPage\":{\"@id\":\"https:\/\/www.vieuxsafrans.com\/new\/voiles-du-lac-dannecy\/#primaryimage\"},\"image\":{\"@id\":\"https:\/\/www.vieuxsafrans.com\/new\/voiles-du-lac-dannecy\/#primaryimage\"},\"thumbnailUrl\":\"http:\/\/www.vieuxsafrans.com\/new\/wp-content\/uploads\/2023\/03\/affiche-voile-du-lac-validee-v2-avec-qrc-1-724x1024.jpg\",\"datePublished\":\"2018-04-18T23:06:19+00:00\",\"dateModified\":\"2025-07-08T01:02:17+00:00\",\"breadcrumb\":{\"@id\":\"https:\/\/www.vieuxsafrans.com\/new\/voiles-du-lac-dannecy\/#breadcrumb\"},\"inLanguage\":\"fr-FR\",\"potentialAction\":[{\"@type\":\"ReadAction\",\"target\":[\"https:\/\/www.vieuxsafrans.com\/new\/voiles-du-lac-dannecy\/\"]}]},{\"@type\":\"ImageObject\",\"inLanguage\":\"fr-FR\",\"@id\":\"https:\/\/www.vieuxsafrans.com\/new\/voiles-du-lac-dannecy\/#primaryimage\",\"url\":\"https:\/\/www.vieuxsafrans.com\/new\/wp-content\/uploads\/2023\/03\/affiche-voile-du-lac-validee-v2-avec-qrc-1.jpg\",\"contentUrl\":\"https:\/\/www.vieuxsafrans.com\/new\/wp-content\/uploads\/2023\/03\/affiche-voile-du-lac-validee-v2-avec-qrc-1.jpg\",\"width\":1654,\"height\":2339},{\"@type\":\"BreadcrumbList\",\"@id\":\"https:\/\/www.vieuxsafrans.com\/new\/voiles-du-lac-dannecy\/#breadcrumb\",\"itemListElement\":[{\"@type\":\"ListItem\",\"position\":1,\"name\":\"Accueil\",\"item\":\"https:\/\/www.vieuxsafrans.com\/new\/\"},{\"@type\":\"ListItem\",\"position\":2,\"name\":\"Les Voiles du Lac\"}]},{\"@type\":\"WebSite\",\"@id\":\"https:\/\/www.vieuxsafrans.com\/new\/#website\",\"url\":\"https:\/\/www.vieuxsafrans.com\/new\/\",\"name\":\"Les Vieux Safrans d&#039;Annecy\",\"description\":\"Vieux safrans, voiles classiques, voilier ancien, bateaux bois, restauration bateaux, voiliers classique, voiliers traditionnels, Lac d&#039;Annecy, Haute Savoie\",\"potentialAction\":[{\"@type\":\"SearchAction\",\"target\":{\"@type\":\"EntryPoint\",\"urlTemplate\":\"https:\/\/www.vieuxsafrans.com\/new\/?s={search_term_string}\"},\"query-input\":{\"@type\":\"PropertyValueSpecification\",\"valueRequired\":true,\"valueName\":\"search_term_string\"}}],\"inLanguage\":\"fr-FR\"}]}<\/script>\n<!-- \/ Yoast SEO plugin. -->","yoast_head_json":{"title":"Les Voiles du Lac - Les Vieux Safrans d&#039;Annecy","robots":{"index":"index","follow":"follow","max-snippet":"max-snippet:-1","max-image-preview":"max-image-preview:large","max-video-preview":"max-video-preview:-1"},"canonical":"https:\/\/www.vieuxsafrans.com\/new\/voiles-du-lac-dannecy\/","og_locale":"fr_FR","og_type":"article","og_title":"Les Voiles du Lac - Les Vieux Safrans d&#039;Annecy","og_description":"Les Voiles du Lac d&rsquo;Annecy 2025 &nbsp; &nbsp; Les Voiles du Lac d&rsquo;Annecy 2023 &nbsp; &nbsp; A retourner \u00e0 l&rsquo;association : vieuxsafrans.annecy@gmail.com &nbsp; &nbsp; &nbsp; Les Voiles du Lac d&rsquo;Annecy 2018 Credit photo :&nbsp;E.SAMPERS, JF.CHARRIERE-GRAILHE et JM.FAVRE &nbsp; &nbsp; L&rsquo;\u00e9v\u00e8nement est r\u00e9serv\u00e9 aux voiliers de tradition&nbsp;de moins de 10m ( Chatou, Aile, Dragon, Lacustre, Corsaire, [&hellip;]","og_url":"https:\/\/www.vieuxsafrans.com\/new\/voiles-du-lac-dannecy\/","og_site_name":"Les Vieux Safrans d&#039;Annecy","article_modified_time":"2025-07-08T01:02:17+00:00","og_image":[{"url":"http:\/\/www.vieuxsafrans.com\/new\/wp-content\/uploads\/2023\/03\/affiche-voile-du-lac-validee-v2-avec-qrc-1-724x1024.jpg","type":"","width":"","height":""}],"twitter_card":"summary_large_image","twitter_misc":{"Dur\u00e9e de lecture estim\u00e9e":"3 minutes"},"schema":{"@context":"https:\/\/schema.org","@graph":[{"@type":"WebPage","@id":"https:\/\/www.vieuxsafrans.com\/new\/voiles-du-lac-dannecy\/","url":"https:\/\/www.vieuxsafrans.com\/new\/voiles-du-lac-dannecy\/","name":"Les Voiles du Lac - Les Vieux Safrans d&#039;Annecy","isPartOf":{"@id":"https:\/\/www.vieuxsafrans.com\/new\/#website"},"primaryImageOfPage":{"@id":"https:\/\/www.vieuxsafrans.com\/new\/voiles-du-lac-dannecy\/#primaryimage"},"image":{"@id":"https:\/\/www.vieuxsafrans.com\/new\/voiles-du-lac-dannecy\/#primaryimage"},"thumbnailUrl":"http:\/\/www.vieuxsafrans.com\/new\/wp-content\/uploads\/2023\/03\/affiche-voile-du-lac-validee-v2-avec-qrc-1-724x1024.jpg","datePublished":"2018-04-18T23:06:19+00:00","dateModified":"2025-07-08T01:02:17+00:00","breadcrumb":{"@id":"https:\/\/www.vieuxsafrans.com\/new\/voiles-du-lac-dannecy\/#breadcrumb"},"inLanguage":"fr-FR","potentialAction":[{"@type":"ReadAction","target":["https:\/\/www.vieuxsafrans.com\/new\/voiles-du-lac-dannecy\/"]}]},{"@type":"ImageObject","inLanguage":"fr-FR","@id":"https:\/\/www.vieuxsafrans.com\/new\/voiles-du-lac-dannecy\/#primaryimage","url":"https:\/\/www.vieuxsafrans.com\/new\/wp-content\/uploads\/2023\/03\/affiche-voile-du-lac-validee-v2-avec-qrc-1.jpg","contentUrl":"https:\/\/www.vieuxsafrans.com\/new\/wp-content\/uploads\/2023\/03\/affiche-voile-du-lac-validee-v2-avec-qrc-1.jpg","width":1654,"height":2339},{"@type":"BreadcrumbList","@id":"https:\/\/www.vieuxsafrans.com\/new\/voiles-du-lac-dannecy\/#breadcrumb","itemListElement":[{"@type":"ListItem","position":1,"name":"Accueil","item":"https:\/\/www.vieuxsafrans.com\/new\/"},{"@type":"ListItem","position":2,"name":"Les Voiles du Lac"}]},{"@type":"WebSite","@id":"https:\/\/www.vieuxsafrans.com\/new\/#website","url":"https:\/\/www.vieuxsafrans.com\/new\/","name":"Les Vieux Safrans d&#039;Annecy","description":"Vieux safrans, voiles classiques, voilier ancien, bateaux bois, restauration bateaux, voiliers classique, voiliers traditionnels, Lac d&#039;Annecy, Haute Savoie","potentialAction":[{"@type":"SearchAction","target":{"@type":"EntryPoint","urlTemplate":"https:\/\/www.vieuxsafrans.com\/new\/?s={search_term_string}"},"query-input":{"@type":"PropertyValueSpecification","valueRequired":true,"valueName":"search_term_string"}}],"inLanguage":"fr-FR"}]}},"_links":{"self":[{"href":"https:\/\/www.vieuxsafrans.com\/new\/wp-json\/wp\/v2\/pages\/4389","targetHints":{"allow":["GET"]}}],"collection":[{"href":"https:\/\/www.vieuxsafrans.com\/new\/wp-json\/wp\/v2\/pages"}],"about":[{"href":"https:\/\/www.vieuxsafrans.com\/new\/wp-json\/wp\/v2\/types\/page"}],"author":[{"embeddable":true,"href":"https:\/\/www.vieuxsafrans.com\/new\/wp-json\/wp\/v2\/users\/1"}],"replies":[{"embeddable":true,"href":"https:\/\/www.vieuxsafrans.com\/new\/wp-json\/wp\/v2\/comments?post=4389"}],"version-history":[{"count":1,"href":"https:\/\/www.vieuxsafrans.com\/new\/wp-json\/wp\/v2\/pages\/4389\/revisions"}],"predecessor-version":[{"id":11916,"href":"https:\/\/www.vieuxsafrans.com\/new\/wp-json\/wp\/v2\/pages\/4389\/revisions\/11916"}],"wp:attachment":[{"href":"https:\/\/www.vieuxsafrans.com\/new\/wp-json\/wp\/v2\/media?parent=4389"}],"curies":[{"name":"wp","href":"https:\/\/api.w.org\/{rel}","templated":true}]}}