{"id":5450,"date":"2018-12-09T22:15:43","date_gmt":"2018-12-09T21:15:43","guid":{"rendered":"http:\/\/www.vieuxsafrans.com\/new\/?page_id=5450"},"modified":"2024-05-24T18:40:40","modified_gmt":"2024-05-24T16:40:40","slug":"15-m2-sns","status":"publish","type":"page","link":"https:\/\/www.vieuxsafrans.com\/new\/bateaux\/voiliers\/15-m2-sns\/","title":{"rendered":"Star Omble"},"content":{"rendered":"\n[et_pb_section fb_built=\u00a0\u00bb1&Prime; custom_padding_last_edited=\u00a0\u00bbon|desktop\u00a0\u00bb admin_label=\u00a0\u00bbHeader\u00a0\u00bb _builder_version=\u00a0\u00bb4.24.0&Prime; _module_preset=\u00a0\u00bbdefault\u00a0\u00bb background_image=\u00a0\u00bbhttp:\/\/www.vieuxsafrans.com\/new\/wp-content\/uploads\/2024\/04\/IMG-20240402-WA0001.jpg\u00a0\u00bb custom_padding=\u00a0\u00bb175px||0px||false|false\u00a0\u00bb custom_padding_tablet=\u00a0\u00bb\u00a0\u00bb custom_padding_phone=\u00a0\u00bb0px||||false|false\u00a0\u00bb hover_enabled=\u00a0\u00bb0&Prime; locked=\u00a0\u00bboff\u00a0\u00bb global_colors_info=\u00a0\u00bb{}\u00a0\u00bb theme_builder_area=\u00a0\u00bbpost_content\u00a0\u00bb title_text=\u00a0\u00bbIMG-20240402-WA0001&Prime; background_position=\u00a0\u00bbbottom_right\u00a0\u00bb custom_margin=\u00a0\u00bb0px||||false|false\u00a0\u00bb sticky_enabled=\u00a0\u00bb0&Prime;][et_pb_row column_structure=\u00a0\u00bb1_2,1_2&Prime; use_custom_gutter=\u00a0\u00bbon\u00a0\u00bb gutter_width=\u00a0\u00bb1&Prime; make_equal=\u00a0\u00bbon\u00a0\u00bb _builder_version=\u00a0\u00bb4.24.0&Prime; _module_preset=\u00a0\u00bbdefault\u00a0\u00bb custom_padding=\u00a0\u00bb||||false|false\u00a0\u00bb global_colors_info=\u00a0\u00bb{}\u00a0\u00bb theme_builder_area=\u00a0\u00bbpost_content\u00a0\u00bb][et_pb_column type=\u00a0\u00bb1_2&Prime; _builder_version=\u00a0\u00bb4.24.0&Prime; _module_preset=\u00a0\u00bbdefault\u00a0\u00bb background_color=\u00a0\u00bbrgba(44,45,138,0.95)\u00a0\u00bb custom_padding=\u00a0\u00bb100px|40px|100px|40px|true|true\u00a0\u00bb custom_padding_tablet=\u00a0\u00bb40px|40px|40px|40px|true|true\u00a0\u00bb custom_padding_phone=\u00a0\u00bb|40px||40px|true|true\u00a0\u00bb custom_padding_last_edited=\u00a0\u00bbon|desktop\u00a0\u00bb global_colors_info=\u00a0\u00bb{}\u00a0\u00bb theme_builder_area=\u00a0\u00bbpost_content\u00a0\u00bb][et_pb_text _builder_version=\u00a0\u00bb4.24.0&Prime; _module_preset=\u00a0\u00bbdefault\u00a0\u00bb text_font=\u00a0\u00bbTrirong|||on|||||\u00a0\u00bb text_letter_spacing=\u00a0\u00bb4px\u00a0\u00bb text_line_height=\u00a0\u00bb1.8em\u00a0\u00bb link_text_color=\u00a0\u00bb#FFFFFF\u00a0\u00bb header_2_font=\u00a0\u00bbTrirong|300|||||||\u00a0\u00bb header_2_font_size=\u00a0\u00bb80px\u00a0\u00bb header_2_line_height=\u00a0\u00bb1.1em\u00a0\u00bb text_orientation=\u00a0\u00bbcenter\u00a0\u00bb background_layout=\u00a0\u00bbdark\u00a0\u00bb custom_margin=\u00a0\u00bb||10px||false|false\u00a0\u00bb text_font_size_tablet=\u00a0\u00bb\u00a0\u00bb text_font_size_phone=\u00a0\u00bb12px\u00a0\u00bb text_font_size_last_edited=\u00a0\u00bbon|desktop\u00a0\u00bb header_2_font_size_tablet=\u00a0\u00bb30px\u00a0\u00bb header_2_font_size_phone=\u00a0\u00bb18px\u00a0\u00bb header_2_font_size_last_edited=\u00a0\u00bbon|phone\u00a0\u00bb header_2_line_height_tablet=\u00a0\u00bb1.3em\u00a0\u00bb header_2_line_height_phone=\u00a0\u00bb1.4em\u00a0\u00bb header_2_line_height_last_edited=\u00a0\u00bbon|phone\u00a0\u00bb locked=\u00a0\u00bboff\u00a0\u00bb global_colors_info=\u00a0\u00bb{}\u00a0\u00bb theme_builder_area=\u00a0\u00bbpost_content\u00a0\u00bb]<h2>STAR OMBLE<\/h2>\n<p><a href=\"\/new\/bateaux\/\">Bateaux<\/a> &#8211; <a href=\"\/new\/bateaux\/voiliers\/\">Voiliers<\/a><\/p>[\/et_pb_text][et_pb_divider color=\u00a0\u00bb#0045FF\u00a0\u00bb divider_weight=\u00a0\u00bb3px\u00a0\u00bb _builder_version=\u00a0\u00bb4.16&Prime; _module_preset=\u00a0\u00bbdefault\u00a0\u00bb width=\u00a0\u00bb120px\u00a0\u00bb module_alignment=\u00a0\u00bbcenter\u00a0\u00bb custom_padding=\u00a0\u00bb40px||40px||true|false\u00a0\u00bb global_colors_info=\u00a0\u00bb{}\u00a0\u00bb theme_builder_area=\u00a0\u00bbpost_content\u00a0\u00bb][\/et_pb_divider][et_pb_text _builder_version=\u00a0\u00bb4.24.0&Prime; _module_preset=\u00a0\u00bbdefault\u00a0\u00bb text_line_height=\u00a0\u00bb2.2em\u00a0\u00bb text_orientation=\u00a0\u00bbjustified\u00a0\u00bb background_layout=\u00a0\u00bbdark\u00a0\u00bb custom_margin=\u00a0\u00bb||30px||false|false\u00a0\u00bb hover_enabled=\u00a0\u00bb0&Prime; text_font_size_tablet=\u00a0\u00bb14px\u00a0\u00bb text_font_size_phone=\u00a0\u00bb13px\u00a0\u00bb text_font_size_last_edited=\u00a0\u00bboff|desktop\u00a0\u00bb locked=\u00a0\u00bboff\u00a0\u00bb global_colors_info=\u00a0\u00bb{}\u00a0\u00bb theme_builder_area=\u00a0\u00bbpost_content\u00a0\u00bb sticky_enabled=\u00a0\u00bb0&Prime;]<p>Le Star Omble est une vieille connaissance d&rsquo;Annecy. Il porte le num\u00e9ro 2645, construit en 1947 pour M. Laydernier, pr\u00e9sident de la banque du m\u00eame nom et pr\u00e9sident de l&rsquo;anc\u00eatre de la SRVA. Il a \u00e9t\u00e9 construit par Chabert \u00e0 Marseille.<\/p>[\/et_pb_text][et_pb_button button_url=\u00a0\u00bb#next\u00a0\u00bb button_text=\u00a0\u00bbVoir la galerie\u00a0\u00bb button_alignment=\u00a0\u00bbleft\u00a0\u00bb _builder_version=\u00a0\u00bb4.24.0&Prime; custom_button=\u00a0\u00bbon\u00a0\u00bb button_text_size=\u00a0\u00bb15px\u00a0\u00bb button_text_color=\u00a0\u00bb#ffffff\u00a0\u00bb button_bg_color=\u00a0\u00bbrgba(255,255,255,0)\u00a0\u00bb button_border_color=\u00a0\u00bb#ffffff\u00a0\u00bb button_border_radius=\u00a0\u00bb0px\u00a0\u00bb button_letter_spacing=\u00a0\u00bb2px\u00a0\u00bb button_font=\u00a0\u00bb|700||on|||||\u00a0\u00bb custom_margin=\u00a0\u00bb40px||||false\u00a0\u00bb custom_padding=\u00a0\u00bb14px|40px|14px|40px|true|true\u00a0\u00bb box_shadow_style=\u00a0\u00bbpreset7&Prime; box_shadow_horizontal=\u00a0\u00bb0px\u00a0\u00bb box_shadow_vertical=\u00a0\u00bb0px\u00a0\u00bb box_shadow_color=\u00a0\u00bb#ffffff\u00a0\u00bb locked=\u00a0\u00bboff\u00a0\u00bb global_colors_info=\u00a0\u00bb{}\u00a0\u00bb button_bg_color__hover_enabled=\u00a0\u00bbon\u00a0\u00bb box_shadow_vertical__hover=\u00a0\u00bb200px\u00a0\u00bb box_shadow_horizontal__hover_enabled=\u00a0\u00bbon\u00a0\u00bb box_shadow_horizontal__hover=\u00a0\u00bb350px\u00a0\u00bb button_text_color__hover_enabled=\u00a0\u00bbon|hover\u00a0\u00bb button_text_color__hover=\u00a0\u00bb#2C2D8A\u00a0\u00bb button_bg_color__hover=\u00a0\u00bbrgba(255,255,255,0)\u00a0\u00bb theme_builder_area=\u00a0\u00bbpost_content\u00a0\u00bb][\/et_pb_button][\/et_pb_column][et_pb_column type=\u00a0\u00bb1_2&Prime; _builder_version=\u00a0\u00bb4.16&Prime; _module_preset=\u00a0\u00bbdefault\u00a0\u00bb global_colors_info=\u00a0\u00bb{}\u00a0\u00bb theme_builder_area=\u00a0\u00bbpost_content\u00a0\u00bb][\/et_pb_column][\/et_pb_row][\/et_pb_section][et_pb_section fb_built=\u00a0\u00bb1&Prime; disabled_on=\u00a0\u00bboff|off|off\u00a0\u00bb module_id=\u00a0\u00bbnext\u00a0\u00bb _builder_version=\u00a0\u00bb4.24.0&Prime; background_color=\u00a0\u00bb#f4f4f4&Prime; background_enable_pattern_style=\u00a0\u00bbon\u00a0\u00bb background_pattern_style=\u00a0\u00bbwaves\u00a0\u00bb background_pattern_color=\u00a0\u00bbrgba(44,45,138,0.02)\u00a0\u00bb locked=\u00a0\u00bboff\u00a0\u00bb global_colors_info=\u00a0\u00bb{}\u00a0\u00bb theme_builder_area=\u00a0\u00bbpost_content\u00a0\u00bb][et_pb_row _builder_version=\u00a0\u00bb4.24.0&Prime; _module_preset=\u00a0\u00bbdefault\u00a0\u00bb global_colors_info=\u00a0\u00bb{}\u00a0\u00bb theme_builder_area=\u00a0\u00bbpost_content\u00a0\u00bb][et_pb_column type=\u00a0\u00bb4_4&Prime; _builder_version=\u00a0\u00bb4.24.0&Prime; _module_preset=\u00a0\u00bbdefault\u00a0\u00bb global_colors_info=\u00a0\u00bb{}\u00a0\u00bb theme_builder_area=\u00a0\u00bbpost_content\u00a0\u00bb][et_pb_text _builder_version=\u00a0\u00bb4.24.0&Prime; _module_preset=\u00a0\u00bb7d4a8cbc-5ddd-46c9-be95-23498c921cdd\u00a0\u00bb header_2_font=\u00a0\u00bb|700|||||||\u00a0\u00bb header_2_text_color=\u00a0\u00bb#000000&Prime; header_2_font_size=\u00a0\u00bb60px\u00a0\u00bb header_2_line_height=\u00a0\u00bb1.1em\u00a0\u00bb header_2_font_size_tablet=\u00a0\u00bb30px\u00a0\u00bb header_2_font_size_phone=\u00a0\u00bb18px\u00a0\u00bb header_2_font_size_last_edited=\u00a0\u00bbon|phone\u00a0\u00bb header_2_line_height_tablet=\u00a0\u00bb1.3em\u00a0\u00bb header_2_line_height_phone=\u00a0\u00bb1.4em\u00a0\u00bb header_2_line_height_last_edited=\u00a0\u00bbon|phone\u00a0\u00bb locked=\u00a0\u00bboff\u00a0\u00bb global_colors_info=\u00a0\u00bb{}\u00a0\u00bb theme_builder_area=\u00a0\u00bbpost_content\u00a0\u00bb]<h2>Bateau Star Omble<\/h2>[\/et_pb_text][\/et_pb_column][\/et_pb_row][et_pb_row use_custom_gutter=\u00a0\u00bbon\u00a0\u00bb make_equal=\u00a0\u00bbon\u00a0\u00bb _builder_version=\u00a0\u00bb4.24.0&Prime; _module_preset=\u00a0\u00bbdefault\u00a0\u00bb global_colors_info=\u00a0\u00bb{}\u00a0\u00bb theme_builder_area=\u00a0\u00bbpost_content\u00a0\u00bb][et_pb_column type=\u00a0\u00bb4_4&Prime; _builder_version=\u00a0\u00bb4.24.0&Prime; _module_preset=\u00a0\u00bbdefault\u00a0\u00bb global_colors_info=\u00a0\u00bb{}\u00a0\u00bb theme_builder_area=\u00a0\u00bbpost_content\u00a0\u00bb][et_pb_text _builder_version=\u00a0\u00bb4.24.0&Prime; _module_preset=\u00a0\u00bbdefault\u00a0\u00bb hover_enabled=\u00a0\u00bb0&Prime; global_colors_info=\u00a0\u00bb{}\u00a0\u00bb theme_builder_area=\u00a0\u00bbpost_content\u00a0\u00bb sticky_enabled=\u00a0\u00bb0&Prime;]<p>Le Star Omble est\u00a0 un Star \u00e0 l&rsquo;ancienne: le rappel se fait \u00e0 califourchon sur la coque et il n&rsquo;y a pas de hale-bas.<\/p>\n<p>Au gr\u00e9 des souhaits et p\u00e9rip\u00e9ties de ses propri\u00e9taires successifs (doublage \u00e9poxy, changement de couleur, r\u00e9paration du gr\u00e9ement,&#8230;) il traverse les si\u00e8cles et les modes sans broncher. Aujourd&rsquo;hui il appartient \u00e0 Jules Falque qui est tomb\u00e9 amoureux de sa tonture arrondie et de sa grand-voile d\u00e9mesur\u00e9e.<\/p>\n<p>Il est repeint en vert anglais et a retrouv\u00e9 son m\u00e2t en un seul morceau et de nouvelles barres de fl\u00e8che.<\/p>[\/et_pb_text][\/et_pb_column][\/et_pb_row][et_pb_row column_structure=\u00a0\u00bb1_2,1_2&Prime; _builder_version=\u00a0\u00bb4.24.0&Prime; _module_preset=\u00a0\u00bbdefault\u00a0\u00bb global_colors_info=\u00a0\u00bb{}\u00a0\u00bb theme_builder_area=\u00a0\u00bbpost_content\u00a0\u00bb][et_pb_column type=\u00a0\u00bb1_2&Prime; _builder_version=\u00a0\u00bb4.24.0&Prime; _module_preset=\u00a0\u00bbdefault\u00a0\u00bb custom_padding=\u00a0\u00bb||||false|false\u00a0\u00bb custom_padding_tablet=\u00a0\u00bb3%|0px|3%|20%|true|false\u00a0\u00bb custom_padding_phone=\u00a0\u00bb|||5%|true|false\u00a0\u00bb custom_padding_last_edited=\u00a0\u00bboff|desktop\u00a0\u00bb global_colors_info=\u00a0\u00bb{}\u00a0\u00bb theme_builder_area=\u00a0\u00bbpost_content\u00a0\u00bb][et_pb_image src=\u00a0\u00bbhttp:\/\/www.vieuxsafrans.com\/new\/wp-content\/uploads\/2024\/05\/Star-Omble-certificat.jpg\u00a0\u00bb title_text=\u00a0\u00bbStar-Omble-certificat\u00a0\u00bb url=\u00a0\u00bbhttp:\/\/www.vieuxsafrans.com\/new\/wp-content\/uploads\/2024\/05\/2645.pdf\u00a0\u00bb url_new_window=\u00a0\u00bbon\u00a0\u00bb _builder_version=\u00a0\u00bb4.24.0&Prime; _module_preset=\u00a0\u00bbdefault\u00a0\u00bb animation_style=\u00a0\u00bbslide\u00a0\u00bb animation_direction=\u00a0\u00bbleft\u00a0\u00bb border_color_all=\u00a0\u00bb#2C2D8A\u00a0\u00bb box_shadow_style=\u00a0\u00bbpreset4&Prime; box_shadow_color=\u00a0\u00bbrgba(82,104,115,0.8)\u00a0\u00bb locked=\u00a0\u00bboff\u00a0\u00bb global_colors_info=\u00a0\u00bb{}\u00a0\u00bb transform_styles__hover_enabled=\u00a0\u00bbon|desktop\u00a0\u00bb transform_scale__hover_enabled=\u00a0\u00bbon|desktop\u00a0\u00bb transform_translate__hover_enabled=\u00a0\u00bbon|desktop\u00a0\u00bb transform_rotate__hover_enabled=\u00a0\u00bbon|desktop\u00a0\u00bb transform_skew__hover_enabled=\u00a0\u00bbon|desktop\u00a0\u00bb transform_origin__hover_enabled=\u00a0\u00bbon|desktop\u00a0\u00bb transform_scale__hover=\u00a0\u00bb98%|98%\u00a0\u00bb theme_builder_area=\u00a0\u00bbpost_content\u00a0\u00bb][\/et_pb_image][et_pb_text _builder_version=\u00a0\u00bb4.24.0&Prime; _module_preset=\u00a0\u00bbdefault\u00a0\u00bb text_orientation=\u00a0\u00bbcenter\u00a0\u00bb hover_enabled=\u00a0\u00bb0&Prime; global_colors_info=\u00a0\u00bb{}\u00a0\u00bb theme_builder_area=\u00a0\u00bbpost_content\u00a0\u00bb sticky_enabled=\u00a0\u00bb0&Prime;][\/et_pb_text][\/et_pb_column][et_pb_column type=\u00a0\u00bb1_2&Prime; _builder_version=\u00a0\u00bb4.24.0&Prime; _module_preset=\u00a0\u00bbdefault\u00a0\u00bb global_colors_info=\u00a0\u00bb{}\u00a0\u00bb theme_builder_area=\u00a0\u00bbpost_content\u00a0\u00bb][\/et_pb_column][\/et_pb_row][\/et_pb_section]\n","protected":false},"excerpt":{"rendered":"<p>STAR OMBLE Bateaux &#8211; VoiliersLe Star Omble est une vieille connaissance d&rsquo;Annecy. Il porte le num\u00e9ro 2645, construit en 1947 pour M. Laydernier, pr\u00e9sident de la banque du m\u00eame nom et pr\u00e9sident de l&rsquo;anc\u00eatre de la SRVA. Il a \u00e9t\u00e9 construit par Chabert \u00e0 Marseille.Bateau Star OmbleLe Star Omble est\u00a0 un Star \u00e0 l&rsquo;ancienne: le [&hellip;]<\/p>\n","protected":false},"author":1,"featured_media":0,"parent":50,"menu_order":0,"comment_status":"closed","ping_status":"closed","template":"","meta":{"_et_pb_use_builder":"on","_et_pb_old_content":"Le 15 m2 SNS portant le num\u00e9ro SUI-82 a \u00e9t\u00e9 construit en 1952 sur les plans d'Henri Copponex dans le chantier naval VIDOLI \u00e0 Crans dans le canton de Vaud en Suisse. Il appartient aujourd'hui \u00e0 Marc MELSE qui entreprend une restauration compl\u00e8te du bateau aux Vieux Safrans (2018)\n<ul>\n \t<li><i><span class=\"colour\"><span class=\"size\">Longueur hors tout LHT<\/span><\/span><\/i><span class=\"colour\"><span class=\"size\">&nbsp;<\/span><\/span><b><span class=\"colour\"><span class=\"size\">7.00m<\/span><\/span><\/b><span class=\"colour\"><span class=\"size\">&nbsp;<\/span><\/span><\/li>\n \t<li><i><span class=\"colour\"><span class=\"size\">Largeur hors tout lHT<\/span><\/span><\/i><span class=\"colour\"><span class=\"size\">&nbsp;<\/span><\/span><b><span class=\"colour\"><span class=\"size\">1.80m<\/span><\/span><\/b><span class=\"colour\"><span class=\"size\">&nbsp;<\/span><\/span><\/li>\n \t<li><i><span class=\"colour\"><span class=\"size\">Longueur ligne flottaison LF<\/span><\/span><\/i><span class=\"colour\"><span class=\"size\">&nbsp;<\/span><\/span><b><span class=\"colour\"><span class=\"size\">4.80m<\/span><\/span><\/b><span class=\"colour\"><span class=\"size\">\n<\/span><\/span><\/li>\n \t<li><i><span class=\"colour\"><span class=\"size\">Tirant d\u2018eau<\/span><\/span><\/i><span class=\"colour\"><span class=\"size\">&nbsp;<\/span><\/span><b><span class=\"colour\"><span class=\"size\">1.00m<\/span><\/span><\/b><span class=\"colour\"><span class=\"size\">\n<\/span><\/span><\/li>\n \t<li><i><span class=\"colour\"><span class=\"size\">Surface v\u00e9lique max \u2013 sans recouvrement<\/span><\/span><\/i><span class=\"colour\"><span class=\"size\">&nbsp;<\/span><\/span><b><span class=\"colour\"><span class=\"size\">15.00m\u00b2<\/span><\/span><\/b><\/li>\n<\/ul>\nCliquez sur les images pour les voir en grande taille.\n<div id=\"titre_galerie\">Hippocampe d\u00e9cembre 2018<\/div>\n[nggallery id=142]\n<div id=\"titre_galerie\">Hippocampe entre aux VSA<\/div>\n[nggallery id=138]","_et_gb_content_width":"","ngg_post_thumbnail":0,"footnotes":""},"class_list":["post-5450","page","type-page","status-publish","hentry"],"yoast_head":"<!-- This site is optimized with the Yoast SEO plugin v27.1.1 - https:\/\/yoast.com\/product\/yoast-seo-wordpress\/ -->\n<title>Star Omble - Les Vieux Safrans d&#039;Annecy<\/title>\n<meta name=\"robots\" content=\"index, follow, max-snippet:-1, max-image-preview:large, max-video-preview:-1\" \/>\n<link rel=\"canonical\" href=\"https:\/\/www.vieuxsafrans.com\/new\/bateaux\/voiliers\/15-m2-sns\/\" \/>\n<meta property=\"og:locale\" content=\"fr_FR\" \/>\n<meta property=\"og:type\" content=\"article\" \/>\n<meta property=\"og:title\" content=\"Star Omble - Les Vieux Safrans d&#039;Annecy\" \/>\n<meta property=\"og:description\" content=\"STAR OMBLE Bateaux - VoiliersLe Star Omble est une vieille connaissance d&#039;Annecy. Il porte le num\u00e9ro 2645, construit en 1947 pour M. Laydernier, pr\u00e9sident de la banque du m\u00eame nom et pr\u00e9sident de l&#039;anc\u00eatre de la SRVA. Il a \u00e9t\u00e9 construit par Chabert \u00e0 Marseille.Bateau Star OmbleLe Star Omble est\u00a0 un Star \u00e0 l&#039;ancienne: le [&hellip;]\" \/>\n<meta property=\"og:url\" content=\"https:\/\/www.vieuxsafrans.com\/new\/bateaux\/voiliers\/15-m2-sns\/\" \/>\n<meta property=\"og:site_name\" content=\"Les Vieux Safrans d&#039;Annecy\" \/>\n<meta property=\"article:modified_time\" content=\"2024-05-24T16:40:40+00:00\" \/>\n<meta name=\"twitter:card\" content=\"summary_large_image\" \/>\n<meta name=\"twitter:label1\" content=\"Dur\u00e9e de lecture estim\u00e9e\" \/>\n\t<meta name=\"twitter:data1\" content=\"1 minute\" \/>\n<script type=\"application\/ld+json\" class=\"yoast-schema-graph\">{\"@context\":\"https:\/\/schema.org\",\"@graph\":[{\"@type\":\"WebPage\",\"@id\":\"https:\/\/www.vieuxsafrans.com\/new\/bateaux\/voiliers\/15-m2-sns\/\",\"url\":\"https:\/\/www.vieuxsafrans.com\/new\/bateaux\/voiliers\/15-m2-sns\/\",\"name\":\"Star Omble - Les Vieux Safrans d&#039;Annecy\",\"isPartOf\":{\"@id\":\"https:\/\/www.vieuxsafrans.com\/new\/#website\"},\"datePublished\":\"2018-12-09T21:15:43+00:00\",\"dateModified\":\"2024-05-24T16:40:40+00:00\",\"breadcrumb\":{\"@id\":\"https:\/\/www.vieuxsafrans.com\/new\/bateaux\/voiliers\/15-m2-sns\/#breadcrumb\"},\"inLanguage\":\"fr-FR\",\"potentialAction\":[{\"@type\":\"ReadAction\",\"target\":[\"https:\/\/www.vieuxsafrans.com\/new\/bateaux\/voiliers\/15-m2-sns\/\"]}]},{\"@type\":\"BreadcrumbList\",\"@id\":\"https:\/\/www.vieuxsafrans.com\/new\/bateaux\/voiliers\/15-m2-sns\/#breadcrumb\",\"itemListElement\":[{\"@type\":\"ListItem\",\"position\":1,\"name\":\"Accueil\",\"item\":\"https:\/\/www.vieuxsafrans.com\/new\/\"},{\"@type\":\"ListItem\",\"position\":2,\"name\":\"Nos r\u00e9alisations\",\"item\":\"https:\/\/www.vieuxsafrans.com\/new\/bateaux\/\"},{\"@type\":\"ListItem\",\"position\":3,\"name\":\"Voiliers\",\"item\":\"https:\/\/www.vieuxsafrans.com\/new\/bateaux\/voiliers\/\"},{\"@type\":\"ListItem\",\"position\":4,\"name\":\"Star Omble\"}]},{\"@type\":\"WebSite\",\"@id\":\"https:\/\/www.vieuxsafrans.com\/new\/#website\",\"url\":\"https:\/\/www.vieuxsafrans.com\/new\/\",\"name\":\"Les Vieux Safrans d&#039;Annecy\",\"description\":\"Vieux safrans, voiles classiques, voilier ancien, bateaux bois, restauration bateaux, voiliers classique, voiliers traditionnels, Lac d&#039;Annecy, Haute Savoie\",\"potentialAction\":[{\"@type\":\"SearchAction\",\"target\":{\"@type\":\"EntryPoint\",\"urlTemplate\":\"https:\/\/www.vieuxsafrans.com\/new\/?s={search_term_string}\"},\"query-input\":{\"@type\":\"PropertyValueSpecification\",\"valueRequired\":true,\"valueName\":\"search_term_string\"}}],\"inLanguage\":\"fr-FR\"}]}<\/script>\n<!-- \/ Yoast SEO plugin. -->","yoast_head_json":{"title":"Star Omble - Les Vieux Safrans d&#039;Annecy","robots":{"index":"index","follow":"follow","max-snippet":"max-snippet:-1","max-image-preview":"max-image-preview:large","max-video-preview":"max-video-preview:-1"},"canonical":"https:\/\/www.vieuxsafrans.com\/new\/bateaux\/voiliers\/15-m2-sns\/","og_locale":"fr_FR","og_type":"article","og_title":"Star Omble - Les Vieux Safrans d&#039;Annecy","og_description":"STAR OMBLE Bateaux - VoiliersLe Star Omble est une vieille connaissance d'Annecy. Il porte le num\u00e9ro 2645, construit en 1947 pour M. Laydernier, pr\u00e9sident de la banque du m\u00eame nom et pr\u00e9sident de l'anc\u00eatre de la SRVA. Il a \u00e9t\u00e9 construit par Chabert \u00e0 Marseille.Bateau Star OmbleLe Star Omble est\u00a0 un Star \u00e0 l'ancienne: le [&hellip;]","og_url":"https:\/\/www.vieuxsafrans.com\/new\/bateaux\/voiliers\/15-m2-sns\/","og_site_name":"Les Vieux Safrans d&#039;Annecy","article_modified_time":"2024-05-24T16:40:40+00:00","twitter_card":"summary_large_image","twitter_misc":{"Dur\u00e9e de lecture estim\u00e9e":"1 minute"},"schema":{"@context":"https:\/\/schema.org","@graph":[{"@type":"WebPage","@id":"https:\/\/www.vieuxsafrans.com\/new\/bateaux\/voiliers\/15-m2-sns\/","url":"https:\/\/www.vieuxsafrans.com\/new\/bateaux\/voiliers\/15-m2-sns\/","name":"Star Omble - Les Vieux Safrans d&#039;Annecy","isPartOf":{"@id":"https:\/\/www.vieuxsafrans.com\/new\/#website"},"datePublished":"2018-12-09T21:15:43+00:00","dateModified":"2024-05-24T16:40:40+00:00","breadcrumb":{"@id":"https:\/\/www.vieuxsafrans.com\/new\/bateaux\/voiliers\/15-m2-sns\/#breadcrumb"},"inLanguage":"fr-FR","potentialAction":[{"@type":"ReadAction","target":["https:\/\/www.vieuxsafrans.com\/new\/bateaux\/voiliers\/15-m2-sns\/"]}]},{"@type":"BreadcrumbList","@id":"https:\/\/www.vieuxsafrans.com\/new\/bateaux\/voiliers\/15-m2-sns\/#breadcrumb","itemListElement":[{"@type":"ListItem","position":1,"name":"Accueil","item":"https:\/\/www.vieuxsafrans.com\/new\/"},{"@type":"ListItem","position":2,"name":"Nos r\u00e9alisations","item":"https:\/\/www.vieuxsafrans.com\/new\/bateaux\/"},{"@type":"ListItem","position":3,"name":"Voiliers","item":"https:\/\/www.vieuxsafrans.com\/new\/bateaux\/voiliers\/"},{"@type":"ListItem","position":4,"name":"Star Omble"}]},{"@type":"WebSite","@id":"https:\/\/www.vieuxsafrans.com\/new\/#website","url":"https:\/\/www.vieuxsafrans.com\/new\/","name":"Les Vieux Safrans d&#039;Annecy","description":"Vieux safrans, voiles classiques, voilier ancien, bateaux bois, restauration bateaux, voiliers classique, voiliers traditionnels, Lac d&#039;Annecy, Haute Savoie","potentialAction":[{"@type":"SearchAction","target":{"@type":"EntryPoint","urlTemplate":"https:\/\/www.vieuxsafrans.com\/new\/?s={search_term_string}"},"query-input":{"@type":"PropertyValueSpecification","valueRequired":true,"valueName":"search_term_string"}}],"inLanguage":"fr-FR"}]}},"_links":{"self":[{"href":"https:\/\/www.vieuxsafrans.com\/new\/wp-json\/wp\/v2\/pages\/5450","targetHints":{"allow":["GET"]}}],"collection":[{"href":"https:\/\/www.vieuxsafrans.com\/new\/wp-json\/wp\/v2\/pages"}],"about":[{"href":"https:\/\/www.vieuxsafrans.com\/new\/wp-json\/wp\/v2\/types\/page"}],"author":[{"embeddable":true,"href":"https:\/\/www.vieuxsafrans.com\/new\/wp-json\/wp\/v2\/users\/1"}],"replies":[{"embeddable":true,"href":"https:\/\/www.vieuxsafrans.com\/new\/wp-json\/wp\/v2\/comments?post=5450"}],"version-history":[{"count":0,"href":"https:\/\/www.vieuxsafrans.com\/new\/wp-json\/wp\/v2\/pages\/5450\/revisions"}],"up":[{"embeddable":true,"href":"https:\/\/www.vieuxsafrans.com\/new\/wp-json\/wp\/v2\/pages\/50"}],"wp:attachment":[{"href":"https:\/\/www.vieuxsafrans.com\/new\/wp-json\/wp\/v2\/media?parent=5450"}],"curies":[{"name":"wp","href":"https:\/\/api.w.org\/{rel}","templated":true}]}}